{"id":1079,"date":"2024-04-16T09:43:55","date_gmt":"2024-04-16T12:43:55","guid":{"rendered":"https:\/\/colegiolamerced.edu.ar\/web\/?page_id=1079"},"modified":"2025-02-11T12:03:50","modified_gmt":"2025-02-11T15:03:50","slug":"comunicados","status":"publish","type":"page","link":"https:\/\/colegiolamerced.edu.ar\/web\/comunicados\/","title":{"rendered":"Comunicados"},"content":{"rendered":"\t\t<div data-elementor-type=\"wp-page\" data-elementor-id=\"1079\" class=\"elementor elementor-1079\" data-elementor-post-type=\"page\">\n\t\t\t\t<div class=\"elementor-element elementor-element-8922627 e-flex e-con-boxed e-con e-parent\" data-id=\"8922627\" data-element_type=\"container\" data-e-type=\"container\" data-settings=\"{&quot;jet_parallax_layout_list&quot;:[]}\">\n\t\t\t\t\t<div class=\"e-con-inner\">\n\t\t<div class=\"elementor-element elementor-element-799bad7 e-con-full e-flex e-con e-child\" data-id=\"799bad7\" data-element_type=\"container\" data-e-type=\"container\" data-settings=\"{&quot;jet_parallax_layout_list&quot;:[]}\">\n\t\t\t\t<div class=\"elementor-element elementor-element-8b61a42 elementor-widget elementor-widget-heading\" data-id=\"8b61a42\" data-element_type=\"widget\" data-e-type=\"widget\" data-widget_type=\"heading.default\">\n\t\t\t\t<div class=\"elementor-widget-container\">\n\t\t\t\t\t<h2 class=\"elementor-heading-title elementor-size-default\">SECCI\u00d3N COMUNICADOS<\/h2>\t\t\t\t<\/div>\n\t\t\t\t<\/div>\n\t\t\t\t<div class=\"elementor-element elementor-element-9e752ad elementor-widget-divider--view-line elementor-widget elementor-widget-divider\" data-id=\"9e752ad\" data-element_type=\"widget\" data-e-type=\"widget\" data-widget_type=\"divider.default\">\n\t\t\t\t<div class=\"elementor-widget-container\">\n\t\t\t\t\t\t\t<div class=\"elementor-divider\">\n\t\t\t<span class=\"elementor-divider-separator\">\n\t\t\t\t\t\t<\/span>\n\t\t<\/div>\n\t\t\t\t\t\t<\/div>\n\t\t\t\t<\/div>\n\t\t\t\t<\/div>\n\t\t\t\t\t<\/div>\n\t\t\t\t<\/div>\n\t\t<div class=\"elementor-element elementor-element-7db2cb1 e-flex e-con-boxed e-con e-parent\" data-id=\"7db2cb1\" data-element_type=\"container\" data-e-type=\"container\" data-settings=\"{&quot;jet_parallax_layout_list&quot;:[]}\">\n\t\t\t\t\t<div class=\"e-con-inner\">\n\t\t\t\t<div class=\"elementor-element elementor-element-e4da419 elementor-tabs-alignment-center elementor-tabs-view-horizontal elementor-widget elementor-widget-tabs\" data-id=\"e4da419\" data-element_type=\"widget\" data-e-type=\"widget\" data-widget_type=\"tabs.default\">\n\t\t\t\t<div class=\"elementor-widget-container\">\n\t\t\t\t\t\t\t<div class=\"elementor-tabs\">\n\t\t\t<div class=\"elementor-tabs-wrapper\" role=\"tablist\" >\n\t\t\t\t\t\t\t\t\t<div id=\"elementor-tab-title-2391\" class=\"elementor-tab-title elementor-tab-desktop-title\" aria-selected=\"true\" data-tab=\"1\" role=\"tab\" tabindex=\"0\" aria-controls=\"elementor-tab-content-2391\" aria-expanded=\"false\">Nivel Inicial<\/div>\n\t\t\t\t\t\t\t\t\t<div id=\"elementor-tab-title-2392\" class=\"elementor-tab-title elementor-tab-desktop-title\" aria-selected=\"false\" data-tab=\"2\" role=\"tab\" tabindex=\"-1\" aria-controls=\"elementor-tab-content-2392\" aria-expanded=\"false\">Nivel Primario<\/div>\n\t\t\t\t\t\t\t\t\t<div id=\"elementor-tab-title-2393\" class=\"elementor-tab-title elementor-tab-desktop-title\" aria-selected=\"false\" data-tab=\"3\" role=\"tab\" tabindex=\"-1\" aria-controls=\"elementor-tab-content-2393\" aria-expanded=\"false\">Nivel Secundario<\/div>\n\t\t\t\t\t\t\t<\/div>\n\t\t\t<div class=\"elementor-tabs-content-wrapper\" role=\"tablist\" aria-orientation=\"vertical\">\n\t\t\t\t\t\t\t\t\t<div class=\"elementor-tab-title elementor-tab-mobile-title\" aria-selected=\"true\" data-tab=\"1\" role=\"tab\" tabindex=\"0\" aria-controls=\"elementor-tab-content-2391\" aria-expanded=\"false\">Nivel Inicial<\/div>\n\t\t\t\t\t<div id=\"elementor-tab-content-2391\" class=\"elementor-tab-content elementor-clearfix\" data-tab=\"1\" role=\"tabpanel\" aria-labelledby=\"elementor-tab-title-2391\" tabindex=\"0\" hidden=\"false\"><p>\t\t<div data-elementor-type=\"section\" data-elementor-id=\"1097\" class=\"elementor elementor-1097\" data-elementor-post-type=\"elementor_library\">\n\t\t\t<div class=\"elementor-element elementor-element-d06f8af e-flex e-con-boxed e-con e-parent\" data-id=\"d06f8af\" data-element_type=\"container\" data-e-type=\"container\" data-settings=\"{&quot;jet_parallax_layout_list&quot;:[]}\">\n\t\t\t\t\t<div class=\"e-con-inner\">\n\t\t\t\t<div class=\"elementor-element elementor-element-e400977 elementor-grid-3 elementor-grid-tablet-2 elementor-grid-mobile-1 elementor-posts--thumbnail-top elementor-widget elementor-widget-posts\" data-id=\"e400977\" data-element_type=\"widget\" data-e-type=\"widget\" data-settings=\"{&quot;classic_columns&quot;:&quot;3&quot;,&quot;classic_columns_tablet&quot;:&quot;2&quot;,&quot;classic_columns_mobile&quot;:&quot;1&quot;,&quot;classic_row_gap&quot;:{&quot;unit&quot;:&quot;px&quot;,&quot;size&quot;:35,&quot;sizes&quot;:[]},&quot;classic_row_gap_laptop&quot;:{&quot;unit&quot;:&quot;px&quot;,&quot;size&quot;:&quot;&quot;,&quot;sizes&quot;:[]},&quot;classic_row_gap_tablet&quot;:{&quot;unit&quot;:&quot;px&quot;,&quot;size&quot;:&quot;&quot;,&quot;sizes&quot;:[]},&quot;classic_row_gap_mobile&quot;:{&quot;unit&quot;:&quot;px&quot;,&quot;size&quot;:&quot;&quot;,&quot;sizes&quot;:[]}}\" data-widget_type=\"posts.classic\">\n\t\t\t\t<div class=\"elementor-widget-container\">\n\t\t\t\t\t\t\t<div class=\"elementor-posts-container elementor-posts elementor-posts--skin-classic elementor-grid\" role=\"list\">\n\t\t\t\t<article class=\"elementor-post elementor-grid-item post-1093 post type-post status-publish format-standard has-post-thumbnail hentry category-nivel-inicial\" role=\"listitem\">\n\t\t\t\t<a class=\"elementor-post__thumbnail__link\" href=\"https:\/\/colegiolamerced.edu.ar\/web\/comunicado-inicial\/\" tabindex=\"-1\" >\n\t\t\t<div class=\"elementor-post__thumbnail\"><img fetchpriority=\"high\" decoding=\"async\" width=\"200\" height=\"300\" src=\"https:\/\/colegiolamerced.edu.ar\/web\/wp-content\/uploads\/2024\/01\/IMG_6494-200x300.jpg\" class=\"attachment-medium size-medium wp-image-432\" alt=\"\" srcset=\"https:\/\/colegiolamerced.edu.ar\/web\/wp-content\/uploads\/2024\/01\/IMG_6494-200x300.jpg 200w, https:\/\/colegiolamerced.edu.ar\/web\/wp-content\/uploads\/2024\/01\/IMG_6494-683x1024.jpg 683w, https:\/\/colegiolamerced.edu.ar\/web\/wp-content\/uploads\/2024\/01\/IMG_6494-768x1152.jpg 768w, https:\/\/colegiolamerced.edu.ar\/web\/wp-content\/uploads\/2024\/01\/IMG_6494-1024x1536.jpg 1024w, https:\/\/colegiolamerced.edu.ar\/web\/wp-content\/uploads\/2024\/01\/IMG_6494-1365x2048.jpg 1365w, https:\/\/colegiolamerced.edu.ar\/web\/wp-content\/uploads\/2024\/01\/IMG_6494.jpg 1433w\" sizes=\"(max-width: 200px) 100vw, 200px\" \/><\/div>\n\t\t<\/a>\n\t\t\t\t<div class=\"elementor-post__text\">\n\t\t\t\t<h3 class=\"elementor-post__title\">\n\t\t\t<a href=\"https:\/\/colegiolamerced.edu.ar\/web\/comunicado-inicial\/\" >\n\t\t\t\tComunicado Inicial\t\t\t<\/a>\n\t\t<\/h3>\n\t\t\t\t<div class=\"elementor-post__excerpt\">\n\t\t\t<p>Pronto podr\u00e1s ver los comunicados que enviamos en esta secci\u00f3n. \u00a1Estate atento!<\/p>\n\t\t<\/div>\n\t\t\n\t\t<a class=\"elementor-post__read-more\" href=\"https:\/\/colegiolamerced.edu.ar\/web\/comunicado-inicial\/\" aria-label=\"Read more about Comunicado Inicial\" tabindex=\"-1\" >\n\t\t\tLeer m\u00e1s \u00bb\t\t<\/a>\n\n\t\t\t\t<\/div>\n\t\t\t\t<\/article>\n\t\t\t\t<\/div>\n\t\t\n\t\t\t\t\t\t<\/div>\n\t\t\t\t<\/div>\n\t\t\t\t\t<\/div>\n\t\t\t\t<\/div>\n\t\t\t\t<\/div>\n\t\t<\/p><\/div>\n\t\t\t\t\t\t\t\t\t<div class=\"elementor-tab-title elementor-tab-mobile-title\" aria-selected=\"false\" data-tab=\"2\" role=\"tab\" tabindex=\"-1\" aria-controls=\"elementor-tab-content-2392\" aria-expanded=\"false\">Nivel Primario<\/div>\n\t\t\t\t\t<div id=\"elementor-tab-content-2392\" class=\"elementor-tab-content elementor-clearfix\" data-tab=\"2\" role=\"tabpanel\" aria-labelledby=\"elementor-tab-title-2392\" tabindex=\"0\" hidden=\"hidden\"><p>\t\t<div data-elementor-type=\"section\" data-elementor-id=\"1103\" class=\"elementor elementor-1103\" data-elementor-post-type=\"elementor_library\">\n\t\t\t<div class=\"elementor-element elementor-element-d06f8af e-flex e-con-boxed e-con e-parent\" data-id=\"d06f8af\" data-element_type=\"container\" data-e-type=\"container\" data-settings=\"{&quot;jet_parallax_layout_list&quot;:[]}\">\n\t\t\t\t\t<div class=\"e-con-inner\">\n\t\t\t\t<div class=\"elementor-element elementor-element-e400977 elementor-grid-3 elementor-grid-tablet-2 elementor-grid-mobile-1 elementor-posts--thumbnail-top elementor-widget elementor-widget-posts\" data-id=\"e400977\" data-element_type=\"widget\" data-e-type=\"widget\" data-settings=\"{&quot;classic_columns&quot;:&quot;3&quot;,&quot;classic_columns_tablet&quot;:&quot;2&quot;,&quot;classic_columns_mobile&quot;:&quot;1&quot;,&quot;classic_row_gap&quot;:{&quot;unit&quot;:&quot;px&quot;,&quot;size&quot;:35,&quot;sizes&quot;:[]},&quot;classic_row_gap_laptop&quot;:{&quot;unit&quot;:&quot;px&quot;,&quot;size&quot;:&quot;&quot;,&quot;sizes&quot;:[]},&quot;classic_row_gap_tablet&quot;:{&quot;unit&quot;:&quot;px&quot;,&quot;size&quot;:&quot;&quot;,&quot;sizes&quot;:[]},&quot;classic_row_gap_mobile&quot;:{&quot;unit&quot;:&quot;px&quot;,&quot;size&quot;:&quot;&quot;,&quot;sizes&quot;:[]}}\" data-widget_type=\"posts.classic\">\n\t\t\t\t<div class=\"elementor-widget-container\">\n\t\t\t\t\t\t\t<div class=\"elementor-posts-container elementor-posts elementor-posts--skin-classic elementor-grid\" role=\"list\">\n\t\t\t\t<article class=\"elementor-post elementor-grid-item post-273 post type-post status-publish format-standard has-post-thumbnail hentry category-nivel-primario\" role=\"listitem\">\n\t\t\t\t<a class=\"elementor-post__thumbnail__link\" href=\"https:\/\/colegiolamerced.edu.ar\/web\/comunicado-1\/\" tabindex=\"-1\" >\n\t\t\t<div class=\"elementor-post__thumbnail\"><img decoding=\"async\" width=\"200\" height=\"300\" src=\"https:\/\/colegiolamerced.edu.ar\/web\/wp-content\/uploads\/2023\/12\/DSC_0677-200x300.jpg\" class=\"attachment-medium size-medium wp-image-190\" alt=\"\" srcset=\"https:\/\/colegiolamerced.edu.ar\/web\/wp-content\/uploads\/2023\/12\/DSC_0677-200x300.jpg 200w, https:\/\/colegiolamerced.edu.ar\/web\/wp-content\/uploads\/2023\/12\/DSC_0677-683x1024.jpg 683w, https:\/\/colegiolamerced.edu.ar\/web\/wp-content\/uploads\/2023\/12\/DSC_0677-768x1152.jpg 768w, https:\/\/colegiolamerced.edu.ar\/web\/wp-content\/uploads\/2023\/12\/DSC_0677-1024x1536.jpg 1024w, https:\/\/colegiolamerced.edu.ar\/web\/wp-content\/uploads\/2023\/12\/DSC_0677-1365x2048.jpg 1365w, https:\/\/colegiolamerced.edu.ar\/web\/wp-content\/uploads\/2023\/12\/DSC_0677-scaled.jpg 1707w\" sizes=\"(max-width: 200px) 100vw, 200px\" \/><\/div>\n\t\t<\/a>\n\t\t\t\t<div class=\"elementor-post__text\">\n\t\t\t\t<h3 class=\"elementor-post__title\">\n\t\t\t<a href=\"https:\/\/colegiolamerced.edu.ar\/web\/comunicado-1\/\" >\n\t\t\t\tComunicado Primario\t\t\t<\/a>\n\t\t<\/h3>\n\t\t\t\t<div class=\"elementor-post__excerpt\">\n\t\t\t<p>LISTA DE MATERIALES 2025 VER LISTADO DE MATERIALES 2025<\/p>\n\t\t<\/div>\n\t\t\n\t\t<a class=\"elementor-post__read-more\" href=\"https:\/\/colegiolamerced.edu.ar\/web\/comunicado-1\/\" aria-label=\"Read more about Comunicado Primario\" tabindex=\"-1\" >\n\t\t\tLeer m\u00e1s \u00bb\t\t<\/a>\n\n\t\t\t\t<\/div>\n\t\t\t\t<\/article>\n\t\t\t\t<\/div>\n\t\t\n\t\t\t\t\t\t<\/div>\n\t\t\t\t<\/div>\n\t\t\t\t\t<\/div>\n\t\t\t\t<\/div>\n\t\t\t\t<\/div>\n\t\t<\/p><\/div>\n\t\t\t\t\t\t\t\t\t<div class=\"elementor-tab-title elementor-tab-mobile-title\" aria-selected=\"false\" data-tab=\"3\" role=\"tab\" tabindex=\"-1\" aria-controls=\"elementor-tab-content-2393\" aria-expanded=\"false\">Nivel Secundario<\/div>\n\t\t\t\t\t<div id=\"elementor-tab-content-2393\" class=\"elementor-tab-content elementor-clearfix\" data-tab=\"3\" role=\"tabpanel\" aria-labelledby=\"elementor-tab-title-2393\" tabindex=\"0\" hidden=\"hidden\"><p>\t\t<div data-elementor-type=\"section\" data-elementor-id=\"1107\" class=\"elementor elementor-1107\" data-elementor-post-type=\"elementor_library\">\n\t\t\t<div class=\"elementor-element elementor-element-d06f8af e-flex e-con-boxed e-con e-parent\" data-id=\"d06f8af\" data-element_type=\"container\" data-e-type=\"container\" data-settings=\"{&quot;jet_parallax_layout_list&quot;:[]}\">\n\t\t\t\t\t<div class=\"e-con-inner\">\n\t\t\t\t<div class=\"elementor-element elementor-element-e400977 elementor-grid-3 elementor-grid-tablet-2 elementor-grid-mobile-1 elementor-posts--thumbnail-top elementor-widget elementor-widget-posts\" data-id=\"e400977\" data-element_type=\"widget\" data-e-type=\"widget\" data-settings=\"{&quot;classic_columns&quot;:&quot;3&quot;,&quot;classic_columns_tablet&quot;:&quot;2&quot;,&quot;classic_columns_mobile&quot;:&quot;1&quot;,&quot;classic_row_gap&quot;:{&quot;unit&quot;:&quot;px&quot;,&quot;size&quot;:35,&quot;sizes&quot;:[]},&quot;classic_row_gap_laptop&quot;:{&quot;unit&quot;:&quot;px&quot;,&quot;size&quot;:&quot;&quot;,&quot;sizes&quot;:[]},&quot;classic_row_gap_tablet&quot;:{&quot;unit&quot;:&quot;px&quot;,&quot;size&quot;:&quot;&quot;,&quot;sizes&quot;:[]},&quot;classic_row_gap_mobile&quot;:{&quot;unit&quot;:&quot;px&quot;,&quot;size&quot;:&quot;&quot;,&quot;sizes&quot;:[]}}\" data-widget_type=\"posts.classic\">\n\t\t\t\t<div class=\"elementor-widget-container\">\n\t\t\t\t\t\t\t<div class=\"elementor-posts-container elementor-posts elementor-posts--skin-classic elementor-grid\" role=\"list\">\n\t\t\t\t<article class=\"elementor-post elementor-grid-item post-1095 post type-post status-publish format-standard has-post-thumbnail hentry category-nivel-secundario\" role=\"listitem\">\n\t\t\t\t<a class=\"elementor-post__thumbnail__link\" href=\"https:\/\/colegiolamerced.edu.ar\/web\/comunicado-secundario\/\" tabindex=\"-1\" >\n\t\t\t<div class=\"elementor-post__thumbnail\"><img decoding=\"async\" width=\"200\" height=\"300\" src=\"https:\/\/colegiolamerced.edu.ar\/web\/wp-content\/uploads\/2024\/01\/IMG_6197-200x300.jpg\" class=\"attachment-medium size-medium wp-image-422\" alt=\"\" srcset=\"https:\/\/colegiolamerced.edu.ar\/web\/wp-content\/uploads\/2024\/01\/IMG_6197-200x300.jpg 200w, https:\/\/colegiolamerced.edu.ar\/web\/wp-content\/uploads\/2024\/01\/IMG_6197-683x1024.jpg 683w, https:\/\/colegiolamerced.edu.ar\/web\/wp-content\/uploads\/2024\/01\/IMG_6197-768x1152.jpg 768w, https:\/\/colegiolamerced.edu.ar\/web\/wp-content\/uploads\/2024\/01\/IMG_6197-1024x1536.jpg 1024w, https:\/\/colegiolamerced.edu.ar\/web\/wp-content\/uploads\/2024\/01\/IMG_6197-1365x2048.jpg 1365w, https:\/\/colegiolamerced.edu.ar\/web\/wp-content\/uploads\/2024\/01\/IMG_6197.jpg 1433w\" sizes=\"(max-width: 200px) 100vw, 200px\" \/><\/div>\n\t\t<\/a>\n\t\t\t\t<div class=\"elementor-post__text\">\n\t\t\t\t<h3 class=\"elementor-post__title\">\n\t\t\t<a href=\"https:\/\/colegiolamerced.edu.ar\/web\/comunicado-secundario\/\" >\n\t\t\t\tComunicado Secundario\t\t\t<\/a>\n\t\t<\/h3>\n\t\t\t\t<div class=\"elementor-post__excerpt\">\n\t\t\t<p>TURNO DE EXAMENES-ABRIL 2026<\/p>\n\t\t<\/div>\n\t\t\n\t\t<a class=\"elementor-post__read-more\" href=\"https:\/\/colegiolamerced.edu.ar\/web\/comunicado-secundario\/\" aria-label=\"Read more about Comunicado Secundario\" tabindex=\"-1\" >\n\t\t\tLeer m\u00e1s \u00bb\t\t<\/a>\n\n\t\t\t\t<\/div>\n\t\t\t\t<\/article>\n\t\t\t\t<\/div>\n\t\t\n\t\t\t\t\t\t<\/div>\n\t\t\t\t<\/div>\n\t\t\t\t\t<\/div>\n\t\t\t\t<\/div>\n\t\t\t\t<\/div>\n\t\t<\/p><\/div>\n\t\t\t\t\t\t\t<\/div>\n\t\t<\/div>\n\t\t\t\t\t\t<\/div>\n\t\t\t\t<\/div>\n\t\t\t\t\t<\/div>\n\t\t\t\t<\/div>\n\t\t\t\t<\/div>\n\t\t","protected":false},"excerpt":{"rendered":"<p>SECCI\u00d3N COMUNICADOS Nivel Inicial Nivel Primario Nivel Secundario Nivel Inicial Comunicado inicial Pronto podr\u00e1s ver los comunicados que enviamos en esta secci\u00f3n. \u00a1Estate atento! Leer m\u00e1s \u00bb Nivel Primario Comunicado primario Pronto podr\u00e1s ver los comunicados que enviamos en esta secci\u00f3n. \u00a1Estate atento! Leer m\u00e1s \u00bb Nivel Secundario Comunicado Secundario Pronto podr\u00e1s ver los comunicados [&hellip;]<\/p>\n","protected":false},"author":1,"featured_media":0,"parent":0,"menu_order":0,"comment_status":"closed","ping_status":"closed","template":"","meta":{"site-sidebar-layout":"no-sidebar","site-content-layout":"","ast-site-content-layout":"full-width-container","site-content-style":"default","site-sidebar-style":"default","ast-global-header-display":"","ast-banner-title-visibility":"","ast-main-header-display":"","ast-hfb-above-header-display":"","ast-hfb-below-header-display":"","ast-hfb-mobile-header-display":"","site-post-title":"disabled","ast-breadcrumbs-content":"","ast-featured-img":"disabled","footer-sml-layout":"","theme-transparent-header-meta":"default","adv-header-id-meta":"","stick-header-meta":"","header-above-stick-meta":"","header-main-stick-meta":"","header-below-stick-meta":"","astra-migrate-meta-layouts":"set","ast-page-background-enabled":"default","ast-page-background-meta":{"desktop":{"background-color":"var(--ast-global-color-4)","background-image":"","background-repeat":"repeat","background-position":"center center","background-size":"auto","background-attachment":"scroll","background-type":"","background-media":"","overlay-type":"","overlay-color":"","overlay-gradient":""},"tablet":{"background-color":"","background-image":"","background-repeat":"repeat","background-position":"center center","background-size":"auto","background-attachment":"scroll","background-type":"","background-media":"","overlay-type":"","overlay-color":"","overlay-gradient":""},"mobile":{"background-color":"","background-image":"","background-repeat":"repeat","background-position":"center center","background-size":"auto","background-attachment":"scroll","background-type":"","background-media":"","overlay-type":"","overlay-color":"","overlay-gradient":""}},"ast-content-background-meta":{"desktop":{"background-color":"var(--ast-global-color-5)","background-image":"","background-repeat":"repeat","background-position":"center center","background-size":"auto","background-attachment":"scroll","background-type":"","background-media":"","overlay-type":"","overlay-color":"","overlay-gradient":""},"tablet":{"background-color":"var(--ast-global-color-5)","background-image":"","background-repeat":"repeat","background-position":"center center","background-size":"auto","background-attachment":"scroll","background-type":"","background-media":"","overlay-type":"","overlay-color":"","overlay-gradient":""},"mobile":{"background-color":"var(--ast-global-color-5)","background-image":"","background-repeat":"repeat","background-position":"center center","background-size":"auto","background-attachment":"scroll","background-type":"","background-media":"","overlay-type":"","overlay-color":"","overlay-gradient":""}},"footnotes":""},"class_list":["post-1079","page","type-page","status-publish","hentry"],"yoast_head":"<!-- This site is optimized with the Yoast SEO plugin v22.4 - https:\/\/yoast.com\/wordpress\/plugins\/seo\/ -->\n<title>Comunicados - Colegio La merced<\/title>\n<meta name=\"robots\" content=\"index, follow, max-snippet:-1, max-image-preview:large, max-video-preview:-1\" \/>\n<link rel=\"canonical\" href=\"https:\/\/colegiolamerced.edu.ar\/web\/comunicados\/\" \/>\n<meta property=\"og:locale\" content=\"es_ES\" \/>\n<meta property=\"og:type\" content=\"article\" \/>\n<meta property=\"og:title\" content=\"Comunicados - Colegio La merced\" \/>\n<meta property=\"og:description\" content=\"SECCI\u00d3N COMUNICADOS Nivel Inicial Nivel Primario Nivel Secundario Nivel Inicial Comunicado inicial Pronto podr\u00e1s ver los comunicados que enviamos en esta secci\u00f3n. \u00a1Estate atento! Leer m\u00e1s \u00bb Nivel Primario Comunicado primario Pronto podr\u00e1s ver los comunicados que enviamos en esta secci\u00f3n. \u00a1Estate atento! Leer m\u00e1s \u00bb Nivel Secundario Comunicado Secundario Pronto podr\u00e1s ver los comunicados [&hellip;]\" \/>\n<meta property=\"og:url\" content=\"https:\/\/colegiolamerced.edu.ar\/web\/comunicados\/\" \/>\n<meta property=\"og:site_name\" content=\"Colegio La merced\" \/>\n<meta property=\"article:modified_time\" content=\"2025-02-11T15:03:50+00:00\" \/>\n<meta property=\"og:image\" content=\"https:\/\/colegiolamerced.edu.ar\/web\/wp-content\/uploads\/2024\/01\/IMG_6494-200x300.jpg\" \/>\n<meta name=\"twitter:card\" content=\"summary_large_image\" \/>\n<meta name=\"twitter:label1\" content=\"Tiempo de lectura\" \/>\n\t<meta name=\"twitter:data1\" content=\"1 minuto\" \/>\n<script type=\"application\/ld+json\" class=\"yoast-schema-graph\">{\"@context\":\"https:\/\/schema.org\",\"@graph\":[{\"@type\":\"WebPage\",\"@id\":\"https:\/\/colegiolamerced.edu.ar\/web\/comunicados\/\",\"url\":\"https:\/\/colegiolamerced.edu.ar\/web\/comunicados\/\",\"name\":\"Comunicados - Colegio La merced\",\"isPartOf\":{\"@id\":\"https:\/\/wordpress-186467-4141383.cloudwaysapps.com\/#website\"},\"primaryImageOfPage\":{\"@id\":\"https:\/\/colegiolamerced.edu.ar\/web\/comunicados\/#primaryimage\"},\"image\":{\"@id\":\"https:\/\/colegiolamerced.edu.ar\/web\/comunicados\/#primaryimage\"},\"thumbnailUrl\":\"https:\/\/colegiolamerced.edu.ar\/web\/wp-content\/uploads\/2024\/01\/IMG_6494-200x300.jpg\",\"datePublished\":\"2024-04-16T12:43:55+00:00\",\"dateModified\":\"2025-02-11T15:03:50+00:00\",\"breadcrumb\":{\"@id\":\"https:\/\/colegiolamerced.edu.ar\/web\/comunicados\/#breadcrumb\"},\"inLanguage\":\"es-AR\",\"potentialAction\":[{\"@type\":\"ReadAction\",\"target\":[\"https:\/\/colegiolamerced.edu.ar\/web\/comunicados\/\"]}]},{\"@type\":\"ImageObject\",\"inLanguage\":\"es-AR\",\"@id\":\"https:\/\/colegiolamerced.edu.ar\/web\/comunicados\/#primaryimage\",\"url\":\"https:\/\/colegiolamerced.edu.ar\/web\/wp-content\/uploads\/2024\/01\/IMG_6494.jpg\",\"contentUrl\":\"https:\/\/colegiolamerced.edu.ar\/web\/wp-content\/uploads\/2024\/01\/IMG_6494.jpg\",\"width\":1433,\"height\":2150},{\"@type\":\"BreadcrumbList\",\"@id\":\"https:\/\/colegiolamerced.edu.ar\/web\/comunicados\/#breadcrumb\",\"itemListElement\":[{\"@type\":\"ListItem\",\"position\":1,\"name\":\"Inicio\",\"item\":\"https:\/\/colegiolamerced.edu.ar\/web\/\"},{\"@type\":\"ListItem\",\"position\":2,\"name\":\"Comunicados\"}]},{\"@type\":\"WebSite\",\"@id\":\"https:\/\/wordpress-186467-4141383.cloudwaysapps.com\/#website\",\"url\":\"https:\/\/wordpress-186467-4141383.cloudwaysapps.com\/\",\"name\":\"Colegio La merced\",\"description\":\"\",\"potentialAction\":[{\"@type\":\"SearchAction\",\"target\":{\"@type\":\"EntryPoint\",\"urlTemplate\":\"https:\/\/wordpress-186467-4141383.cloudwaysapps.com\/?s={search_term_string}\"},\"query-input\":\"required name=search_term_string\"}],\"inLanguage\":\"es-AR\"}]}<\/script>\n<!-- \/ Yoast SEO plugin. -->","yoast_head_json":{"title":"Comunicados - Colegio La merced","robots":{"index":"index","follow":"follow","max-snippet":"max-snippet:-1","max-image-preview":"max-image-preview:large","max-video-preview":"max-video-preview:-1"},"canonical":"https:\/\/colegiolamerced.edu.ar\/web\/comunicados\/","og_locale":"es_ES","og_type":"article","og_title":"Comunicados - Colegio La merced","og_description":"SECCI\u00d3N COMUNICADOS Nivel Inicial Nivel Primario Nivel Secundario Nivel Inicial Comunicado inicial Pronto podr\u00e1s ver los comunicados que enviamos en esta secci\u00f3n. \u00a1Estate atento! Leer m\u00e1s \u00bb Nivel Primario Comunicado primario Pronto podr\u00e1s ver los comunicados que enviamos en esta secci\u00f3n. \u00a1Estate atento! Leer m\u00e1s \u00bb Nivel Secundario Comunicado Secundario Pronto podr\u00e1s ver los comunicados [&hellip;]","og_url":"https:\/\/colegiolamerced.edu.ar\/web\/comunicados\/","og_site_name":"Colegio La merced","article_modified_time":"2025-02-11T15:03:50+00:00","og_image":[{"url":"https:\/\/colegiolamerced.edu.ar\/web\/wp-content\/uploads\/2024\/01\/IMG_6494-200x300.jpg"}],"twitter_card":"summary_large_image","twitter_misc":{"Tiempo de lectura":"1 minuto"},"schema":{"@context":"https:\/\/schema.org","@graph":[{"@type":"WebPage","@id":"https:\/\/colegiolamerced.edu.ar\/web\/comunicados\/","url":"https:\/\/colegiolamerced.edu.ar\/web\/comunicados\/","name":"Comunicados - Colegio La merced","isPartOf":{"@id":"https:\/\/wordpress-186467-4141383.cloudwaysapps.com\/#website"},"primaryImageOfPage":{"@id":"https:\/\/colegiolamerced.edu.ar\/web\/comunicados\/#primaryimage"},"image":{"@id":"https:\/\/colegiolamerced.edu.ar\/web\/comunicados\/#primaryimage"},"thumbnailUrl":"https:\/\/colegiolamerced.edu.ar\/web\/wp-content\/uploads\/2024\/01\/IMG_6494-200x300.jpg","datePublished":"2024-04-16T12:43:55+00:00","dateModified":"2025-02-11T15:03:50+00:00","breadcrumb":{"@id":"https:\/\/colegiolamerced.edu.ar\/web\/comunicados\/#breadcrumb"},"inLanguage":"es-AR","potentialAction":[{"@type":"ReadAction","target":["https:\/\/colegiolamerced.edu.ar\/web\/comunicados\/"]}]},{"@type":"ImageObject","inLanguage":"es-AR","@id":"https:\/\/colegiolamerced.edu.ar\/web\/comunicados\/#primaryimage","url":"https:\/\/colegiolamerced.edu.ar\/web\/wp-content\/uploads\/2024\/01\/IMG_6494.jpg","contentUrl":"https:\/\/colegiolamerced.edu.ar\/web\/wp-content\/uploads\/2024\/01\/IMG_6494.jpg","width":1433,"height":2150},{"@type":"BreadcrumbList","@id":"https:\/\/colegiolamerced.edu.ar\/web\/comunicados\/#breadcrumb","itemListElement":[{"@type":"ListItem","position":1,"name":"Inicio","item":"https:\/\/colegiolamerced.edu.ar\/web\/"},{"@type":"ListItem","position":2,"name":"Comunicados"}]},{"@type":"WebSite","@id":"https:\/\/wordpress-186467-4141383.cloudwaysapps.com\/#website","url":"https:\/\/wordpress-186467-4141383.cloudwaysapps.com\/","name":"Colegio La merced","description":"","potentialAction":[{"@type":"SearchAction","target":{"@type":"EntryPoint","urlTemplate":"https:\/\/wordpress-186467-4141383.cloudwaysapps.com\/?s={search_term_string}"},"query-input":"required name=search_term_string"}],"inLanguage":"es-AR"}]}},"_links":{"self":[{"href":"https:\/\/colegiolamerced.edu.ar\/web\/wp-json\/wp\/v2\/pages\/1079","targetHints":{"allow":["GET"]}}],"collection":[{"href":"https:\/\/colegiolamerced.edu.ar\/web\/wp-json\/wp\/v2\/pages"}],"about":[{"href":"https:\/\/colegiolamerced.edu.ar\/web\/wp-json\/wp\/v2\/types\/page"}],"author":[{"embeddable":true,"href":"https:\/\/colegiolamerced.edu.ar\/web\/wp-json\/wp\/v2\/users\/1"}],"replies":[{"embeddable":true,"href":"https:\/\/colegiolamerced.edu.ar\/web\/wp-json\/wp\/v2\/comments?post=1079"}],"version-history":[{"count":13,"href":"https:\/\/colegiolamerced.edu.ar\/web\/wp-json\/wp\/v2\/pages\/1079\/revisions"}],"predecessor-version":[{"id":1348,"href":"https:\/\/colegiolamerced.edu.ar\/web\/wp-json\/wp\/v2\/pages\/1079\/revisions\/1348"}],"wp:attachment":[{"href":"https:\/\/colegiolamerced.edu.ar\/web\/wp-json\/wp\/v2\/media?parent=1079"}],"curies":[{"name":"wp","href":"https:\/\/api.w.org\/{rel}","templated":true}]}}