{"id":1542,"date":"2025-07-04T12:05:06","date_gmt":"2025-07-04T15:05:06","guid":{"rendered":"https:\/\/colegiolamerced.edu.ar\/web\/?page_id=1542"},"modified":"2025-09-01T11:53:01","modified_gmt":"2025-09-01T14:53:01","slug":"quienes-somos","status":"publish","type":"page","link":"https:\/\/colegiolamerced.edu.ar\/web\/quienes-somos\/","title":{"rendered":"Qui\u00e9nes Somos?"},"content":{"rendered":"\t\t<div data-elementor-type=\"wp-page\" data-elementor-id=\"1542\" class=\"elementor elementor-1542\" data-elementor-post-type=\"page\">\n\t\t\t\t<div class=\"elementor-element elementor-element-a13a2b7 e-flex e-con-boxed e-con e-parent\" data-id=\"a13a2b7\" data-element_type=\"container\" data-e-type=\"container\" data-settings=\"{&quot;background_background&quot;:&quot;classic&quot;,&quot;jet_parallax_layout_list&quot;:[]}\">\n\t\t\t\t\t<div class=\"e-con-inner\">\n\t\t<div class=\"elementor-element elementor-element-5cec223 e-con-full e-flex e-con e-child\" data-id=\"5cec223\" data-element_type=\"container\" data-e-type=\"container\" data-settings=\"{&quot;jet_parallax_layout_list&quot;:[]}\">\n\t\t\t\t<div class=\"elementor-element elementor-element-0d8d11e elementor-widget elementor-widget-heading\" data-id=\"0d8d11e\" data-element_type=\"widget\" data-e-type=\"widget\" data-widget_type=\"heading.default\">\n\t\t\t\t<div class=\"elementor-widget-container\">\n\t\t\t\t\t<h2 class=\"elementor-heading-title elementor-size-default\">QUI\u00c9NES<\/h2>\t\t\t\t<\/div>\n\t\t\t\t<\/div>\n\t\t\t\t<div class=\"elementor-element elementor-element-d203fe7 elementor-widget elementor-widget-heading\" data-id=\"d203fe7\" data-element_type=\"widget\" data-e-type=\"widget\" data-widget_type=\"heading.default\">\n\t\t\t\t<div class=\"elementor-widget-container\">\n\t\t\t\t\t<h2 class=\"elementor-heading-title elementor-size-default\">SOMOS?<\/h2>\t\t\t\t<\/div>\n\t\t\t\t<\/div>\n\t\t\t\t<\/div>\n\t\t\t\t<div class=\"elementor-element elementor-element-f3e8768 elementor-widget elementor-widget-spacer\" data-id=\"f3e8768\" data-element_type=\"widget\" data-e-type=\"widget\" data-widget_type=\"spacer.default\">\n\t\t\t\t<div class=\"elementor-widget-container\">\n\t\t\t\t\t\t\t<div class=\"elementor-spacer\">\n\t\t\t<div class=\"elementor-spacer-inner\"><\/div>\n\t\t<\/div>\n\t\t\t\t\t\t<\/div>\n\t\t\t\t<\/div>\n\t\t<div class=\"elementor-element elementor-element-c19970e e-con-full e-flex e-con e-child\" data-id=\"c19970e\" data-element_type=\"container\" data-e-type=\"container\" data-settings=\"{&quot;jet_parallax_layout_list&quot;:[]}\">\n\t\t\t\t<div class=\"elementor-element elementor-element-e59bf3b elementor-widget elementor-widget-text-editor\" data-id=\"e59bf3b\" data-element_type=\"widget\" data-e-type=\"widget\" data-widget_type=\"text-editor.default\">\n\t\t\t\t<div class=\"elementor-widget-container\">\n\t\t\t\t\t\t\t\t\t<p style=\"text-align: center;\"><span style=\"color: #ffffff;\">Hace<em> mas de 100 a\u00f1os, un grupo de mujeres de nuestra ciudad decidi\u00f3 unirse gracias a su enorme vocaci\u00f3n de servicio. Estas mujeres se avocaron desinteresadamente y de coraz\u00f3n\u00a0 a la\u00a0 tarea ben\u00e9fica, dirigida al cuidado de la ni\u00f1ez. Para ello formaron, con gran esfuerzo, una entidad llamada SODAMI (Sociedad Damas de Misericordia), la cual funciona en la actualidad, y a la que se le ha otorgado personer\u00eda jur\u00eddica.<\/em><\/span><\/p><p style=\"text-align: center;\"><span style=\"color: #ffffff;\"><em>\u00a0<\/em><em>En un principio, el hogar de ni\u00f1as naci\u00f3 ofreciendo una casa, un hogar, para quienes, por distintas circunstancias de la vida, lo necesitaban.<\/em><\/span><\/p><p style=\"text-align: center;\"><span style=\"color: #ffffff;\"><em>La preocupaci\u00f3n por la educaci\u00f3n fue cada vez m\u00e1s importante e hizo que se proyectara una escuela que pudiese contener y educar a las ni\u00f1as.<\/em><\/span><\/p><p style=\"text-align: center;\"><span style=\"color: #ffffff;\"><em>Nuestro hogar de ni\u00f1as fue quiz\u00e1s la primera instituci\u00f3n de nuestra Ciudad que se dedicara a la acci\u00f3n solidaria, tarea que se sigue desarrollando en la actualidad. El hogar funciona dentro de la instituci\u00f3n como hogar de d\u00eda, esto quiere decir que las ni\u00f1as y adolescentes ingresan a la ma\u00f1ana, cumpliendo as\u00ed\u00a0 con las tareas acad\u00e9micas y por la tarde se les brinda acompa\u00f1amiento escolar, todas las comidas, y se las contiene en todo lo que pudiesen necesitar. Hoy el hogar cuenta con 30 ni\u00f1as, las cuales est\u00e1n becadas dentro del colegio, y esto se puede lograr gracias al esfuerzo y ayuda de todas las familias que forman parte de esta instituci\u00f3n.<\/em><\/span><\/p><p style=\"text-align: center;\"><span style=\"color: #ffffff;\"><em>\u00a0<\/em><em>Las tareas de \u00e9sta <strong>Comisi\u00f3n <\/strong>se han ido adaptando a las nuevas necesidades y exigencias que se fueron presentando durante el transcurso del tiempo. A partir de tan importante legado, como <strong>Comisi\u00f3n Directiva, <\/strong>nuestra funci\u00f3n es GESTIONAR, COORDINAR y SUPERVISAR, las acciones necesarias para garantizar el correcto funcionamiento de la escuela. A trav\u00e9s de la administraci\u00f3n de recursos, la planificaci\u00f3n de proyectos y el acompa\u00f1amiento de la vida escolar se busca promover un entorno educativo de calidad, en beneficio de toda la Comunidad Educativa.<\/em><\/span><\/p><p style=\"text-align: center;\"><em>\u00a0<\/em><span style=\"color: #ffffff;\"><strong><em>El \u00e9xito es el resultado de la cooperaci\u00f3n y el esfuerzo compartido. El trabajo en equipo es el combustible que permite a las personas lograr resultados extraordinarios; cada desaf\u00edo que la Instituci\u00f3n emprende, con esfuerzo y colaboraci\u00f3n, se transforma en OPORTUNIDAD.<\/em><\/strong><\/span><\/p>\t\t\t\t\t\t\t\t<\/div>\n\t\t\t\t<\/div>\n\t\t\t\t<\/div>\n\t\t\t\t\t<\/div>\n\t\t\t\t<\/div>\n\t\t\t\t<\/div>\n\t\t","protected":false},"excerpt":{"rendered":"<p>QUI\u00c9NES SOMOS? Hace mas de 100 a\u00f1os, un grupo de mujeres de nuestra ciudad decidi\u00f3 unirse gracias a su enorme vocaci\u00f3n de servicio. Estas mujeres se avocaron desinteresadamente y de coraz\u00f3n\u00a0 a la\u00a0 tarea ben\u00e9fica, dirigida al cuidado de la ni\u00f1ez. Para ello formaron, con gran esfuerzo, una entidad llamada SODAMI (Sociedad Damas de Misericordia), [&hellip;]<\/p>\n","protected":false},"author":2,"featured_media":0,"parent":0,"menu_order":0,"comment_status":"closed","ping_status":"closed","template":"","meta":{"site-sidebar-layout":"no-sidebar","site-content-layout":"","ast-site-content-layout":"full-width-container","site-content-style":"default","site-sidebar-style":"default","ast-global-header-display":"","ast-banner-title-visibility":"","ast-main-header-display":"","ast-hfb-above-header-display":"","ast-hfb-below-header-display":"","ast-hfb-mobile-header-display":"","site-post-title":"disabled","ast-breadcrumbs-content":"","ast-featured-img":"disabled","footer-sml-layout":"","theme-transparent-header-meta":"default","adv-header-id-meta":"","stick-header-meta":"","header-above-stick-meta":"","header-main-stick-meta":"","header-below-stick-meta":"","astra-migrate-meta-layouts":"set","ast-page-background-enabled":"default","ast-page-background-meta":{"desktop":{"background-color":"var(--ast-global-color-4)","background-image":"","background-repeat":"repeat","background-position":"center center","background-size":"auto","background-attachment":"scroll","background-type":"","background-media":"","overlay-type":"","overlay-color":"","overlay-gradient":""},"tablet":{"background-color":"","background-image":"","background-repeat":"repeat","background-position":"center center","background-size":"auto","background-attachment":"scroll","background-type":"","background-media":"","overlay-type":"","overlay-color":"","overlay-gradient":""},"mobile":{"background-color":"","background-image":"","background-repeat":"repeat","background-position":"center center","background-size":"auto","background-attachment":"scroll","background-type":"","background-media":"","overlay-type":"","overlay-color":"","overlay-gradient":""}},"ast-content-background-meta":{"desktop":{"background-color":"var(--ast-global-color-5)","background-image":"","background-repeat":"repeat","background-position":"center center","background-size":"auto","background-attachment":"scroll","background-type":"","background-media":"","overlay-type":"","overlay-color":"","overlay-gradient":""},"tablet":{"background-color":"var(--ast-global-color-5)","background-image":"","background-repeat":"repeat","background-position":"center center","background-size":"auto","background-attachment":"scroll","background-type":"","background-media":"","overlay-type":"","overlay-color":"","overlay-gradient":""},"mobile":{"background-color":"var(--ast-global-color-5)","background-image":"","background-repeat":"repeat","background-position":"center center","background-size":"auto","background-attachment":"scroll","background-type":"","background-media":"","overlay-type":"","overlay-color":"","overlay-gradient":""}},"footnotes":""},"class_list":["post-1542","page","type-page","status-publish","hentry"],"yoast_head":"<!-- This site is optimized with the Yoast SEO plugin v22.4 - https:\/\/yoast.com\/wordpress\/plugins\/seo\/ -->\n<title>Qui\u00e9nes Somos? - Colegio La merced<\/title>\n<meta name=\"robots\" content=\"index, follow, max-snippet:-1, max-image-preview:large, max-video-preview:-1\" \/>\n<link rel=\"canonical\" href=\"https:\/\/colegiolamerced.edu.ar\/web\/quienes-somos\/\" \/>\n<meta property=\"og:locale\" content=\"es_ES\" \/>\n<meta property=\"og:type\" content=\"article\" \/>\n<meta property=\"og:title\" content=\"Qui\u00e9nes Somos? - Colegio La merced\" \/>\n<meta property=\"og:description\" content=\"QUI\u00c9NES SOMOS? Hace mas de 100 a\u00f1os, un grupo de mujeres de nuestra ciudad decidi\u00f3 unirse gracias a su enorme vocaci\u00f3n de servicio. Estas mujeres se avocaron desinteresadamente y de coraz\u00f3n\u00a0 a la\u00a0 tarea ben\u00e9fica, dirigida al cuidado de la ni\u00f1ez. Para ello formaron, con gran esfuerzo, una entidad llamada SODAMI (Sociedad Damas de Misericordia), [&hellip;]\" \/>\n<meta property=\"og:url\" content=\"https:\/\/colegiolamerced.edu.ar\/web\/quienes-somos\/\" \/>\n<meta property=\"og:site_name\" content=\"Colegio La merced\" \/>\n<meta property=\"article:modified_time\" content=\"2025-09-01T14:53:01+00:00\" \/>\n<meta name=\"twitter:card\" content=\"summary_large_image\" \/>\n<meta name=\"twitter:label1\" content=\"Tiempo de lectura\" \/>\n\t<meta name=\"twitter:data1\" content=\"2 minutos\" \/>\n<script type=\"application\/ld+json\" class=\"yoast-schema-graph\">{\"@context\":\"https:\/\/schema.org\",\"@graph\":[{\"@type\":\"WebPage\",\"@id\":\"https:\/\/colegiolamerced.edu.ar\/web\/quienes-somos\/\",\"url\":\"https:\/\/colegiolamerced.edu.ar\/web\/quienes-somos\/\",\"name\":\"Qui\u00e9nes Somos? - Colegio La merced\",\"isPartOf\":{\"@id\":\"https:\/\/wordpress-186467-4141383.cloudwaysapps.com\/#website\"},\"datePublished\":\"2025-07-04T15:05:06+00:00\",\"dateModified\":\"2025-09-01T14:53:01+00:00\",\"breadcrumb\":{\"@id\":\"https:\/\/colegiolamerced.edu.ar\/web\/quienes-somos\/#breadcrumb\"},\"inLanguage\":\"es-AR\",\"potentialAction\":[{\"@type\":\"ReadAction\",\"target\":[\"https:\/\/colegiolamerced.edu.ar\/web\/quienes-somos\/\"]}]},{\"@type\":\"BreadcrumbList\",\"@id\":\"https:\/\/colegiolamerced.edu.ar\/web\/quienes-somos\/#breadcrumb\",\"itemListElement\":[{\"@type\":\"ListItem\",\"position\":1,\"name\":\"Inicio\",\"item\":\"https:\/\/colegiolamerced.edu.ar\/web\/\"},{\"@type\":\"ListItem\",\"position\":2,\"name\":\"Qui\u00e9nes Somos?\"}]},{\"@type\":\"WebSite\",\"@id\":\"https:\/\/wordpress-186467-4141383.cloudwaysapps.com\/#website\",\"url\":\"https:\/\/wordpress-186467-4141383.cloudwaysapps.com\/\",\"name\":\"Colegio La merced\",\"description\":\"\",\"potentialAction\":[{\"@type\":\"SearchAction\",\"target\":{\"@type\":\"EntryPoint\",\"urlTemplate\":\"https:\/\/wordpress-186467-4141383.cloudwaysapps.com\/?s={search_term_string}\"},\"query-input\":\"required name=search_term_string\"}],\"inLanguage\":\"es-AR\"}]}<\/script>\n<!-- \/ Yoast SEO plugin. -->","yoast_head_json":{"title":"Qui\u00e9nes Somos? - Colegio La merced","robots":{"index":"index","follow":"follow","max-snippet":"max-snippet:-1","max-image-preview":"max-image-preview:large","max-video-preview":"max-video-preview:-1"},"canonical":"https:\/\/colegiolamerced.edu.ar\/web\/quienes-somos\/","og_locale":"es_ES","og_type":"article","og_title":"Qui\u00e9nes Somos? - Colegio La merced","og_description":"QUI\u00c9NES SOMOS? Hace mas de 100 a\u00f1os, un grupo de mujeres de nuestra ciudad decidi\u00f3 unirse gracias a su enorme vocaci\u00f3n de servicio. Estas mujeres se avocaron desinteresadamente y de coraz\u00f3n\u00a0 a la\u00a0 tarea ben\u00e9fica, dirigida al cuidado de la ni\u00f1ez. Para ello formaron, con gran esfuerzo, una entidad llamada SODAMI (Sociedad Damas de Misericordia), [&hellip;]","og_url":"https:\/\/colegiolamerced.edu.ar\/web\/quienes-somos\/","og_site_name":"Colegio La merced","article_modified_time":"2025-09-01T14:53:01+00:00","twitter_card":"summary_large_image","twitter_misc":{"Tiempo de lectura":"2 minutos"},"schema":{"@context":"https:\/\/schema.org","@graph":[{"@type":"WebPage","@id":"https:\/\/colegiolamerced.edu.ar\/web\/quienes-somos\/","url":"https:\/\/colegiolamerced.edu.ar\/web\/quienes-somos\/","name":"Qui\u00e9nes Somos? - Colegio La merced","isPartOf":{"@id":"https:\/\/wordpress-186467-4141383.cloudwaysapps.com\/#website"},"datePublished":"2025-07-04T15:05:06+00:00","dateModified":"2025-09-01T14:53:01+00:00","breadcrumb":{"@id":"https:\/\/colegiolamerced.edu.ar\/web\/quienes-somos\/#breadcrumb"},"inLanguage":"es-AR","potentialAction":[{"@type":"ReadAction","target":["https:\/\/colegiolamerced.edu.ar\/web\/quienes-somos\/"]}]},{"@type":"BreadcrumbList","@id":"https:\/\/colegiolamerced.edu.ar\/web\/quienes-somos\/#breadcrumb","itemListElement":[{"@type":"ListItem","position":1,"name":"Inicio","item":"https:\/\/colegiolamerced.edu.ar\/web\/"},{"@type":"ListItem","position":2,"name":"Qui\u00e9nes Somos?"}]},{"@type":"WebSite","@id":"https:\/\/wordpress-186467-4141383.cloudwaysapps.com\/#website","url":"https:\/\/wordpress-186467-4141383.cloudwaysapps.com\/","name":"Colegio La merced","description":"","potentialAction":[{"@type":"SearchAction","target":{"@type":"EntryPoint","urlTemplate":"https:\/\/wordpress-186467-4141383.cloudwaysapps.com\/?s={search_term_string}"},"query-input":"required name=search_term_string"}],"inLanguage":"es-AR"}]}},"_links":{"self":[{"href":"https:\/\/colegiolamerced.edu.ar\/web\/wp-json\/wp\/v2\/pages\/1542","targetHints":{"allow":["GET"]}}],"collection":[{"href":"https:\/\/colegiolamerced.edu.ar\/web\/wp-json\/wp\/v2\/pages"}],"about":[{"href":"https:\/\/colegiolamerced.edu.ar\/web\/wp-json\/wp\/v2\/types\/page"}],"author":[{"embeddable":true,"href":"https:\/\/colegiolamerced.edu.ar\/web\/wp-json\/wp\/v2\/users\/2"}],"replies":[{"embeddable":true,"href":"https:\/\/colegiolamerced.edu.ar\/web\/wp-json\/wp\/v2\/comments?post=1542"}],"version-history":[{"count":18,"href":"https:\/\/colegiolamerced.edu.ar\/web\/wp-json\/wp\/v2\/pages\/1542\/revisions"}],"predecessor-version":[{"id":1571,"href":"https:\/\/colegiolamerced.edu.ar\/web\/wp-json\/wp\/v2\/pages\/1542\/revisions\/1571"}],"wp:attachment":[{"href":"https:\/\/colegiolamerced.edu.ar\/web\/wp-json\/wp\/v2\/media?parent=1542"}],"curies":[{"name":"wp","href":"https:\/\/api.w.org\/{rel}","templated":true}]}}