{"id":337,"date":"2024-01-29T11:17:14","date_gmt":"2024-01-29T14:17:14","guid":{"rendered":"https:\/\/wordpress-186467-4141383.cloudwaysapps.com\/?page_id=337"},"modified":"2024-04-23T12:52:31","modified_gmt":"2024-04-23T15:52:31","slug":"contacto","status":"publish","type":"page","link":"https:\/\/colegiolamerced.edu.ar\/web\/contacto\/","title":{"rendered":"Contacto"},"content":{"rendered":"\t\t<div data-elementor-type=\"wp-page\" data-elementor-id=\"337\" class=\"elementor elementor-337\" data-elementor-post-type=\"page\">\n\t\t\t\t<div class=\"elementor-element elementor-element-073ad60 e-flex e-con-boxed e-con e-parent\" data-id=\"073ad60\" data-element_type=\"container\" data-e-type=\"container\" data-settings=\"{&quot;jet_parallax_layout_list&quot;:[]}\">\n\t\t\t\t\t<div class=\"e-con-inner\">\n\t\t<div class=\"elementor-element elementor-element-d304411 e-con-full e-flex e-con e-child\" data-id=\"d304411\" data-element_type=\"container\" data-e-type=\"container\" data-settings=\"{&quot;jet_parallax_layout_list&quot;:[]}\">\n\t\t\t\t<\/div>\n\t\t<div class=\"elementor-element elementor-element-93f85c8 e-con-full e-flex e-con e-child\" data-id=\"93f85c8\" data-element_type=\"container\" data-e-type=\"container\" data-settings=\"{&quot;jet_parallax_layout_list&quot;:[]}\">\n\t\t\t\t<div class=\"elementor-element elementor-element-5ba6f98 elementor-widget elementor-widget-heading\" data-id=\"5ba6f98\" data-element_type=\"widget\" data-e-type=\"widget\" data-widget_type=\"heading.default\">\n\t\t\t\t<div class=\"elementor-widget-container\">\n\t\t\t\t\t<h2 class=\"elementor-heading-title elementor-size-default\">CONTACTO<\/h2>\t\t\t\t<\/div>\n\t\t\t\t<\/div>\n\t\t\t\t<div class=\"elementor-element elementor-element-34518b7 elementor-widget-divider--view-line elementor-widget elementor-widget-divider\" data-id=\"34518b7\" data-element_type=\"widget\" data-e-type=\"widget\" data-widget_type=\"divider.default\">\n\t\t\t\t<div class=\"elementor-widget-container\">\n\t\t\t\t\t\t\t<div class=\"elementor-divider\">\n\t\t\t<span class=\"elementor-divider-separator\">\n\t\t\t\t\t\t<\/span>\n\t\t<\/div>\n\t\t\t\t\t\t<\/div>\n\t\t\t\t<\/div>\n\t\t\t\t<\/div>\n\t\t<div class=\"elementor-element elementor-element-f0724ad e-con-full e-flex e-con e-child\" data-id=\"f0724ad\" data-element_type=\"container\" data-e-type=\"container\" data-settings=\"{&quot;jet_parallax_layout_list&quot;:[]}\">\n\t\t\t\t<\/div>\n\t\t\t\t\t<\/div>\n\t\t\t\t<\/div>\n\t\t<div class=\"elementor-element elementor-element-2e25a93 e-flex e-con-boxed e-con e-parent\" data-id=\"2e25a93\" data-element_type=\"container\" data-e-type=\"container\" data-settings=\"{&quot;jet_parallax_layout_list&quot;:[]}\">\n\t\t\t\t\t<div class=\"e-con-inner\">\n\t\t<div class=\"elementor-element elementor-element-45fa996 e-con-full e-flex e-con e-child\" data-id=\"45fa996\" data-element_type=\"container\" data-e-type=\"container\" data-settings=\"{&quot;jet_parallax_layout_list&quot;:[]}\">\n\t\t\t\t<div class=\"elementor-element elementor-element-db43507 elementor-widget elementor-widget-image\" data-id=\"db43507\" data-element_type=\"widget\" data-e-type=\"widget\" data-widget_type=\"image.default\">\n\t\t\t\t<div class=\"elementor-widget-container\">\n\t\t\t\t\t\t\t\t\t\t\t\t\t\t\t<img fetchpriority=\"high\" decoding=\"async\" width=\"512\" height=\"512\" src=\"https:\/\/colegiolamerced.edu.ar\/web\/wp-content\/uploads\/2023\/12\/cropped-209047767_141184638018532_4681282351843569198_n.jpg\" class=\"attachment-large size-large wp-image-204\" alt=\"\" srcset=\"https:\/\/colegiolamerced.edu.ar\/web\/wp-content\/uploads\/2023\/12\/cropped-209047767_141184638018532_4681282351843569198_n.jpg 512w, https:\/\/colegiolamerced.edu.ar\/web\/wp-content\/uploads\/2023\/12\/cropped-209047767_141184638018532_4681282351843569198_n-300x300.jpg 300w, https:\/\/colegiolamerced.edu.ar\/web\/wp-content\/uploads\/2023\/12\/cropped-209047767_141184638018532_4681282351843569198_n-150x150.jpg 150w, https:\/\/colegiolamerced.edu.ar\/web\/wp-content\/uploads\/2023\/12\/cropped-209047767_141184638018532_4681282351843569198_n-270x270.jpg 270w, https:\/\/colegiolamerced.edu.ar\/web\/wp-content\/uploads\/2023\/12\/cropped-209047767_141184638018532_4681282351843569198_n-192x192.jpg 192w, https:\/\/colegiolamerced.edu.ar\/web\/wp-content\/uploads\/2023\/12\/cropped-209047767_141184638018532_4681282351843569198_n-180x180.jpg 180w, https:\/\/colegiolamerced.edu.ar\/web\/wp-content\/uploads\/2023\/12\/cropped-209047767_141184638018532_4681282351843569198_n-32x32.jpg 32w\" sizes=\"(max-width: 512px) 100vw, 512px\" \/>\t\t\t\t\t\t\t\t\t\t\t\t\t\t\t<\/div>\n\t\t\t\t<\/div>\n\t\t\t\t<\/div>\n\t\t\t\t<div class=\"elementor-element elementor-element-8072370 elementor-widget__width-initial elementor-widget-divider--view-line elementor-widget elementor-widget-divider\" data-id=\"8072370\" data-element_type=\"widget\" data-e-type=\"widget\" data-widget_type=\"divider.default\">\n\t\t\t\t<div class=\"elementor-widget-container\">\n\t\t\t\t\t\t\t<div class=\"elementor-divider\">\n\t\t\t<span class=\"elementor-divider-separator\">\n\t\t\t\t\t\t<\/span>\n\t\t<\/div>\n\t\t\t\t\t\t<\/div>\n\t\t\t\t<\/div>\n\t\t<div class=\"elementor-element elementor-element-7233483 e-con-full e-flex e-con e-child\" data-id=\"7233483\" data-element_type=\"container\" data-e-type=\"container\" data-settings=\"{&quot;background_background&quot;:&quot;classic&quot;,&quot;jet_parallax_layout_list&quot;:[]}\">\n\t\t\t\t<div class=\"elementor-element elementor-element-6836e06 elementor-widget elementor-widget-heading\" data-id=\"6836e06\" data-element_type=\"widget\" data-e-type=\"widget\" data-widget_type=\"heading.default\">\n\t\t\t\t<div class=\"elementor-widget-container\">\n\t\t\t\t\t<h2 class=\"elementor-heading-title elementor-size-default\">Estamos a tu disposici\u00f3n<\/h2>\t\t\t\t<\/div>\n\t\t\t\t<\/div>\n\t\t\t\t<div class=\"elementor-element elementor-element-79f6b00 elementor-widget elementor-widget-text-editor\" data-id=\"79f6b00\" data-element_type=\"widget\" data-e-type=\"widget\" data-widget_type=\"text-editor.default\">\n\t\t\t\t<div class=\"elementor-widget-container\">\n\t\t\t\t\t\t\t\t\t<p><strong>Direcci\u00f3n:<\/strong> <span style=\"color: #7a7a7a;\"><a style=\"color: #7a7a7a;\" href=\"https:\/\/maps.app.goo.gl\/tUreyRtheuCYXmJU8\">Col\u00f3n 580, R\u00edo Cuarto, C\u00f3rdoba<\/a><\/span><\/p><p><strong>Tel\u00e9fono:<\/strong>\u00a0<span style=\"color: #7a7a7a;\"><a style=\"font-family: var( --e-global-typography-text-font-family ), Sans-serif; font-weight: var( --e-global-typography-text-font-weight ); background-color: #f5f5f5; font-size: 1rem; color: #7a7a7a;\" href=\"tel:03584635587\" target=\"_blank\" rel=\"noopener\">(0358) 4635587<\/a><\/span><\/p><p style=\"text-align: left;\"><span style=\"color: #000000;\"><u><b>ADMINISTRACI\u00d3N<\/b><\/u><\/span><\/p><p><strong>E-mail administraci\u00f3n:\u00a0<\/strong><span style=\"color: #7a7a7a;\"><a style=\"color: #7a7a7a;\" href=\"mailto:administracion@colegiolamerced.edu.ar\" target=\"_blank\" rel=\"noopener\">administracion@colegiolamerced.edu.ar<\/a><\/span><\/p><p><strong>E-mail cuotas y\u00a0 pagos:<\/strong>\u00a0<span style=\"color: #7a7a7a;\"><a style=\"color: #7a7a7a;\" href=\"mailto:recaudacionlamerced@gmail.com\" target=\"_blank\" rel=\"noopener\">recaudacionlamerced@gmail.com<\/a><\/span><\/p><p style=\"text-align: left;\"><span style=\"color: #000000;\"><u><b>NIVEL INICIAL<\/b><\/u><\/span><\/p><p><span style=\"font-weight: bold;\">E-mail administraci\u00f3n:<\/span> <span style=\"color: #7a7a7a;\"><a style=\"color: #7a7a7a;\" href=\"mailto:inicial@colegiolamerced.edu.ar\">inicial@colegiolamerced.edu.ar<\/a><\/span><\/p><p style=\"text-align: left;\"><span style=\"color: #000000;\"><u><b>NIVEL PRIMARIO<\/b><\/u><\/span><span style=\"font-weight: bold;\"><br \/><\/span><\/p><p><span style=\"font-weight: bold;\">E-mail administraci\u00f3n:<\/span> <span style=\"color: #7a7a7a;\"><a style=\"color: #7a7a7a;\" href=\"mailto:primario@colegiolamerced.edu.ar\">primario@colegiolamerced.edu.ar<\/a><\/span><u><br \/><\/u><\/p><p style=\"font-size: 16px; font-style: normal; text-align: left;\"><span style=\"color: #000000;\"><u><b>NIVEL SECUNDARIO<\/b><\/u><\/span><span style=\"font-weight: bold;\"><br \/><\/span><\/p><p style=\"font-size: 16px; font-style: normal; font-weight: 400;\"><span style=\"font-weight: bold;\">E-mail administraci\u00f3n:<\/span> <span style=\"color: #7a7a7a;\"><a style=\"color: #7a7a7a;\" href=\"mailto:secundario@colegiolamerced.edu.ar\">secundario@colegiolamerced.edu.ar<\/a><\/span><\/p>\t\t\t\t\t\t\t\t<\/div>\n\t\t\t\t<\/div>\n\t\t\t\t<\/div>\n\t\t\t\t\t<\/div>\n\t\t\t\t<\/div>\n\t\t<div class=\"elementor-element elementor-element-13807a8 e-flex e-con-boxed e-con e-parent\" data-id=\"13807a8\" data-element_type=\"container\" data-e-type=\"container\" data-settings=\"{&quot;jet_parallax_layout_list&quot;:[]}\">\n\t\t\t\t\t<div class=\"e-con-inner\">\n\t\t\t\t<div class=\"elementor-element elementor-element-7086730 elementor-widget-divider--view-line elementor-widget elementor-widget-divider\" data-id=\"7086730\" data-element_type=\"widget\" data-e-type=\"widget\" data-widget_type=\"divider.default\">\n\t\t\t\t<div class=\"elementor-widget-container\">\n\t\t\t\t\t\t\t<div class=\"elementor-divider\">\n\t\t\t<span class=\"elementor-divider-separator\">\n\t\t\t\t\t\t<\/span>\n\t\t<\/div>\n\t\t\t\t\t\t<\/div>\n\t\t\t\t<\/div>\n\t\t\t\t\t<\/div>\n\t\t\t\t<\/div>\n\t\t\t\t<\/div>\n\t\t","protected":false},"excerpt":{"rendered":"<p>CONTACTO Estamos a tu disposici\u00f3n Direcci\u00f3n: Col\u00f3n 580, R\u00edo Cuarto, C\u00f3rdoba Tel\u00e9fono:\u00a0(0358) 4635587 ADMINISTRACI\u00d3N E-mail administraci\u00f3n:\u00a0administracion@colegiolamerced.edu.ar E-mail cuotas y\u00a0 pagos:\u00a0recaudacionlamerced@gmail.com NIVEL INICIAL E-mail administraci\u00f3n: inicial@colegiolamerced.edu.ar NIVEL PRIMARIO E-mail administraci\u00f3n: primario@colegiolamerced.edu.ar NIVEL SECUNDARIO E-mail administraci\u00f3n: secundario@colegiolamerced.edu.ar<\/p>\n","protected":false},"author":1,"featured_media":0,"parent":0,"menu_order":0,"comment_status":"closed","ping_status":"closed","template":"","meta":{"site-sidebar-layout":"no-sidebar","site-content-layout":"","ast-site-content-layout":"full-width-container","site-content-style":"default","site-sidebar-style":"default","ast-global-header-display":"","ast-banner-title-visibility":"","ast-main-header-display":"","ast-hfb-above-header-display":"","ast-hfb-below-header-display":"","ast-hfb-mobile-header-display":"","site-post-title":"disabled","ast-breadcrumbs-content":"","ast-featured-img":"disabled","footer-sml-layout":"","theme-transparent-header-meta":"","adv-header-id-meta":"","stick-header-meta":"","header-above-stick-meta":"","header-main-stick-meta":"","header-below-stick-meta":"","astra-migrate-meta-layouts":"default","ast-page-background-enabled":"default","ast-page-background-meta":{"desktop":{"background-color":"var(--ast-global-color-4)","background-image":"","background-repeat":"repeat","background-position":"center center","background-size":"auto","background-attachment":"scroll","background-type":"","background-media":"","overlay-type":"","overlay-color":"","overlay-gradient":""},"tablet":{"background-color":"","background-image":"","background-repeat":"repeat","background-position":"center center","background-size":"auto","background-attachment":"scroll","background-type":"","background-media":"","overlay-type":"","overlay-color":"","overlay-gradient":""},"mobile":{"background-color":"","background-image":"","background-repeat":"repeat","background-position":"center center","background-size":"auto","background-attachment":"scroll","background-type":"","background-media":"","overlay-type":"","overlay-color":"","overlay-gradient":""}},"ast-content-background-meta":{"desktop":{"background-color":"var(--ast-global-color-5)","background-image":"","background-repeat":"repeat","background-position":"center center","background-size":"auto","background-attachment":"scroll","background-type":"","background-media":"","overlay-type":"","overlay-color":"","overlay-gradient":""},"tablet":{"background-color":"var(--ast-global-color-5)","background-image":"","background-repeat":"repeat","background-position":"center center","background-size":"auto","background-attachment":"scroll","background-type":"","background-media":"","overlay-type":"","overlay-color":"","overlay-gradient":""},"mobile":{"background-color":"var(--ast-global-color-5)","background-image":"","background-repeat":"repeat","background-position":"center center","background-size":"auto","background-attachment":"scroll","background-type":"","background-media":"","overlay-type":"","overlay-color":"","overlay-gradient":""}},"footnotes":""},"class_list":["post-337","page","type-page","status-publish","hentry"],"yoast_head":"<!-- This site is optimized with the Yoast SEO plugin v22.4 - https:\/\/yoast.com\/wordpress\/plugins\/seo\/ -->\n<title>Contacto - Colegio La merced<\/title>\n<meta name=\"robots\" content=\"index, follow, max-snippet:-1, max-image-preview:large, max-video-preview:-1\" \/>\n<link rel=\"canonical\" href=\"https:\/\/colegiolamerced.edu.ar\/web\/contacto\/\" \/>\n<meta property=\"og:locale\" content=\"es_ES\" \/>\n<meta property=\"og:type\" content=\"article\" \/>\n<meta property=\"og:title\" content=\"Contacto - Colegio La merced\" \/>\n<meta property=\"og:description\" content=\"CONTACTO Estamos a tu disposici\u00f3n Direcci\u00f3n: Col\u00f3n 580, R\u00edo Cuarto, C\u00f3rdoba Tel\u00e9fono:\u00a0(0358) 4635587 ADMINISTRACI\u00d3N E-mail administraci\u00f3n:\u00a0administracion@colegiolamerced.edu.ar E-mail cuotas y\u00a0 pagos:\u00a0recaudacionlamerced@gmail.com NIVEL INICIAL E-mail administraci\u00f3n: inicial@colegiolamerced.edu.ar NIVEL PRIMARIO E-mail administraci\u00f3n: primario@colegiolamerced.edu.ar NIVEL SECUNDARIO E-mail administraci\u00f3n: secundario@colegiolamerced.edu.ar\" \/>\n<meta property=\"og:url\" content=\"https:\/\/colegiolamerced.edu.ar\/web\/contacto\/\" \/>\n<meta property=\"og:site_name\" content=\"Colegio La merced\" \/>\n<meta property=\"article:modified_time\" content=\"2024-04-23T15:52:31+00:00\" \/>\n<meta property=\"og:image\" content=\"https:\/\/colegiolamerced.edu.ar\/web\/wp-content\/uploads\/2023\/12\/cropped-209047767_141184638018532_4681282351843569198_n.jpg\" \/>\n<meta name=\"twitter:card\" content=\"summary_large_image\" \/>\n<meta name=\"twitter:label1\" content=\"Tiempo de lectura\" \/>\n\t<meta name=\"twitter:data1\" content=\"1 minuto\" \/>\n<script type=\"application\/ld+json\" class=\"yoast-schema-graph\">{\"@context\":\"https:\/\/schema.org\",\"@graph\":[{\"@type\":\"WebPage\",\"@id\":\"https:\/\/colegiolamerced.edu.ar\/web\/contacto\/\",\"url\":\"https:\/\/colegiolamerced.edu.ar\/web\/contacto\/\",\"name\":\"Contacto - Colegio La merced\",\"isPartOf\":{\"@id\":\"https:\/\/wordpress-186467-4141383.cloudwaysapps.com\/#website\"},\"primaryImageOfPage\":{\"@id\":\"https:\/\/colegiolamerced.edu.ar\/web\/contacto\/#primaryimage\"},\"image\":{\"@id\":\"https:\/\/colegiolamerced.edu.ar\/web\/contacto\/#primaryimage\"},\"thumbnailUrl\":\"https:\/\/colegiolamerced.edu.ar\/web\/wp-content\/uploads\/2023\/12\/cropped-209047767_141184638018532_4681282351843569198_n.jpg\",\"datePublished\":\"2024-01-29T14:17:14+00:00\",\"dateModified\":\"2024-04-23T15:52:31+00:00\",\"breadcrumb\":{\"@id\":\"https:\/\/colegiolamerced.edu.ar\/web\/contacto\/#breadcrumb\"},\"inLanguage\":\"es-AR\",\"potentialAction\":[{\"@type\":\"ReadAction\",\"target\":[\"https:\/\/colegiolamerced.edu.ar\/web\/contacto\/\"]}]},{\"@type\":\"ImageObject\",\"inLanguage\":\"es-AR\",\"@id\":\"https:\/\/colegiolamerced.edu.ar\/web\/contacto\/#primaryimage\",\"url\":\"https:\/\/colegiolamerced.edu.ar\/web\/wp-content\/uploads\/2023\/12\/cropped-209047767_141184638018532_4681282351843569198_n.jpg\",\"contentUrl\":\"https:\/\/colegiolamerced.edu.ar\/web\/wp-content\/uploads\/2023\/12\/cropped-209047767_141184638018532_4681282351843569198_n.jpg\",\"width\":512,\"height\":512},{\"@type\":\"BreadcrumbList\",\"@id\":\"https:\/\/colegiolamerced.edu.ar\/web\/contacto\/#breadcrumb\",\"itemListElement\":[{\"@type\":\"ListItem\",\"position\":1,\"name\":\"Inicio\",\"item\":\"https:\/\/colegiolamerced.edu.ar\/web\/\"},{\"@type\":\"ListItem\",\"position\":2,\"name\":\"Contacto\"}]},{\"@type\":\"WebSite\",\"@id\":\"https:\/\/wordpress-186467-4141383.cloudwaysapps.com\/#website\",\"url\":\"https:\/\/wordpress-186467-4141383.cloudwaysapps.com\/\",\"name\":\"Colegio La merced\",\"description\":\"\",\"potentialAction\":[{\"@type\":\"SearchAction\",\"target\":{\"@type\":\"EntryPoint\",\"urlTemplate\":\"https:\/\/wordpress-186467-4141383.cloudwaysapps.com\/?s={search_term_string}\"},\"query-input\":\"required name=search_term_string\"}],\"inLanguage\":\"es-AR\"}]}<\/script>\n<!-- \/ Yoast SEO plugin. -->","yoast_head_json":{"title":"Contacto - Colegio La merced","robots":{"index":"index","follow":"follow","max-snippet":"max-snippet:-1","max-image-preview":"max-image-preview:large","max-video-preview":"max-video-preview:-1"},"canonical":"https:\/\/colegiolamerced.edu.ar\/web\/contacto\/","og_locale":"es_ES","og_type":"article","og_title":"Contacto - Colegio La merced","og_description":"CONTACTO Estamos a tu disposici\u00f3n Direcci\u00f3n: Col\u00f3n 580, R\u00edo Cuarto, C\u00f3rdoba Tel\u00e9fono:\u00a0(0358) 4635587 ADMINISTRACI\u00d3N E-mail administraci\u00f3n:\u00a0administracion@colegiolamerced.edu.ar E-mail cuotas y\u00a0 pagos:\u00a0recaudacionlamerced@gmail.com NIVEL INICIAL E-mail administraci\u00f3n: inicial@colegiolamerced.edu.ar NIVEL PRIMARIO E-mail administraci\u00f3n: primario@colegiolamerced.edu.ar NIVEL SECUNDARIO E-mail administraci\u00f3n: secundario@colegiolamerced.edu.ar","og_url":"https:\/\/colegiolamerced.edu.ar\/web\/contacto\/","og_site_name":"Colegio La merced","article_modified_time":"2024-04-23T15:52:31+00:00","og_image":[{"url":"https:\/\/colegiolamerced.edu.ar\/web\/wp-content\/uploads\/2023\/12\/cropped-209047767_141184638018532_4681282351843569198_n.jpg"}],"twitter_card":"summary_large_image","twitter_misc":{"Tiempo de lectura":"1 minuto"},"schema":{"@context":"https:\/\/schema.org","@graph":[{"@type":"WebPage","@id":"https:\/\/colegiolamerced.edu.ar\/web\/contacto\/","url":"https:\/\/colegiolamerced.edu.ar\/web\/contacto\/","name":"Contacto - Colegio La merced","isPartOf":{"@id":"https:\/\/wordpress-186467-4141383.cloudwaysapps.com\/#website"},"primaryImageOfPage":{"@id":"https:\/\/colegiolamerced.edu.ar\/web\/contacto\/#primaryimage"},"image":{"@id":"https:\/\/colegiolamerced.edu.ar\/web\/contacto\/#primaryimage"},"thumbnailUrl":"https:\/\/colegiolamerced.edu.ar\/web\/wp-content\/uploads\/2023\/12\/cropped-209047767_141184638018532_4681282351843569198_n.jpg","datePublished":"2024-01-29T14:17:14+00:00","dateModified":"2024-04-23T15:52:31+00:00","breadcrumb":{"@id":"https:\/\/colegiolamerced.edu.ar\/web\/contacto\/#breadcrumb"},"inLanguage":"es-AR","potentialAction":[{"@type":"ReadAction","target":["https:\/\/colegiolamerced.edu.ar\/web\/contacto\/"]}]},{"@type":"ImageObject","inLanguage":"es-AR","@id":"https:\/\/colegiolamerced.edu.ar\/web\/contacto\/#primaryimage","url":"https:\/\/colegiolamerced.edu.ar\/web\/wp-content\/uploads\/2023\/12\/cropped-209047767_141184638018532_4681282351843569198_n.jpg","contentUrl":"https:\/\/colegiolamerced.edu.ar\/web\/wp-content\/uploads\/2023\/12\/cropped-209047767_141184638018532_4681282351843569198_n.jpg","width":512,"height":512},{"@type":"BreadcrumbList","@id":"https:\/\/colegiolamerced.edu.ar\/web\/contacto\/#breadcrumb","itemListElement":[{"@type":"ListItem","position":1,"name":"Inicio","item":"https:\/\/colegiolamerced.edu.ar\/web\/"},{"@type":"ListItem","position":2,"name":"Contacto"}]},{"@type":"WebSite","@id":"https:\/\/wordpress-186467-4141383.cloudwaysapps.com\/#website","url":"https:\/\/wordpress-186467-4141383.cloudwaysapps.com\/","name":"Colegio La merced","description":"","potentialAction":[{"@type":"SearchAction","target":{"@type":"EntryPoint","urlTemplate":"https:\/\/wordpress-186467-4141383.cloudwaysapps.com\/?s={search_term_string}"},"query-input":"required name=search_term_string"}],"inLanguage":"es-AR"}]}},"_links":{"self":[{"href":"https:\/\/colegiolamerced.edu.ar\/web\/wp-json\/wp\/v2\/pages\/337","targetHints":{"allow":["GET"]}}],"collection":[{"href":"https:\/\/colegiolamerced.edu.ar\/web\/wp-json\/wp\/v2\/pages"}],"about":[{"href":"https:\/\/colegiolamerced.edu.ar\/web\/wp-json\/wp\/v2\/types\/page"}],"author":[{"embeddable":true,"href":"https:\/\/colegiolamerced.edu.ar\/web\/wp-json\/wp\/v2\/users\/1"}],"replies":[{"embeddable":true,"href":"https:\/\/colegiolamerced.edu.ar\/web\/wp-json\/wp\/v2\/comments?post=337"}],"version-history":[{"count":64,"href":"https:\/\/colegiolamerced.edu.ar\/web\/wp-json\/wp\/v2\/pages\/337\/revisions"}],"predecessor-version":[{"id":1179,"href":"https:\/\/colegiolamerced.edu.ar\/web\/wp-json\/wp\/v2\/pages\/337\/revisions\/1179"}],"wp:attachment":[{"href":"https:\/\/colegiolamerced.edu.ar\/web\/wp-json\/wp\/v2\/media?parent=337"}],"curies":[{"name":"wp","href":"https:\/\/api.w.org\/{rel}","templated":true}]}}