{"id":9,"date":"2023-12-25T21:32:12","date_gmt":"2023-12-26T00:32:12","guid":{"rendered":"https:\/\/colegiolamerced.edu.ar\/web\/?page_id=9"},"modified":"2024-03-05T09:17:48","modified_gmt":"2024-03-05T12:17:48","slug":"mision-y-vision","status":"publish","type":"page","link":"https:\/\/colegiolamerced.edu.ar\/web\/mision-y-vision\/","title":{"rendered":"Mision y vision"},"content":{"rendered":"\t\t<div data-elementor-type=\"wp-post\" data-elementor-id=\"9\" class=\"elementor elementor-9\" data-elementor-post-type=\"page\">\n\t\t\t\t<div class=\"elementor-element elementor-element-733cc5b e-flex e-con-boxed e-con e-parent\" data-id=\"733cc5b\" data-element_type=\"container\" data-e-type=\"container\" data-settings=\"{&quot;background_background&quot;:&quot;classic&quot;,&quot;jet_parallax_layout_list&quot;:[]}\">\n\t\t\t\t\t<div class=\"e-con-inner\">\n\t\t<div class=\"elementor-element elementor-element-673c137 e-con-full e-flex e-con e-child\" data-id=\"673c137\" data-element_type=\"container\" data-e-type=\"container\" data-settings=\"{&quot;jet_parallax_layout_list&quot;:[]}\">\n\t\t\t\t<div class=\"elementor-element elementor-element-cb3db52 elementor-widget elementor-widget-heading\" data-id=\"cb3db52\" data-element_type=\"widget\" data-e-type=\"widget\" data-widget_type=\"heading.default\">\n\t\t\t\t<div class=\"elementor-widget-container\">\n\t\t\t\t\t<h2 class=\"elementor-heading-title elementor-size-default\">Desde 1960 <\/h2>\t\t\t\t<\/div>\n\t\t\t\t<\/div>\n\t\t\t\t<div class=\"elementor-element elementor-element-6eebd1d elementor-widget elementor-widget-heading\" data-id=\"6eebd1d\" data-element_type=\"widget\" data-e-type=\"widget\" data-widget_type=\"heading.default\">\n\t\t\t\t<div class=\"elementor-widget-container\">\n\t\t\t\t\t<h2 class=\"elementor-heading-title elementor-size-default\">aportando a la educaci\u00f3n <br> del ma\u00f1ana<\/h2>\t\t\t\t<\/div>\n\t\t\t\t<\/div>\n\t\t\t\t<\/div>\n\t\t<div class=\"elementor-element elementor-element-7e8050d e-con-full elementor-hidden-mobile e-flex e-con e-child\" data-id=\"7e8050d\" data-element_type=\"container\" data-e-type=\"container\" data-settings=\"{&quot;jet_parallax_layout_list&quot;:[]}\">\n\t\t\t\t<\/div>\n\t\t\t\t\t<\/div>\n\t\t\t\t<\/div>\n\t\t<div class=\"elementor-element elementor-element-400d313 e-flex e-con-boxed e-con e-parent\" data-id=\"400d313\" data-element_type=\"container\" data-e-type=\"container\" data-settings=\"{&quot;jet_parallax_layout_list&quot;:[]}\">\n\t\t\t\t\t<div class=\"e-con-inner\">\n\t\t<div class=\"elementor-element elementor-element-9c09730 e-con-full e-flex e-con e-child\" data-id=\"9c09730\" data-element_type=\"container\" data-e-type=\"container\" data-settings=\"{&quot;background_background&quot;:&quot;classic&quot;,&quot;jet_parallax_layout_list&quot;:[]}\">\n\t\t\t\t<div class=\"elementor-element elementor-element-a42652c elementor-widget elementor-widget-heading\" data-id=\"a42652c\" data-element_type=\"widget\" data-e-type=\"widget\" data-widget_type=\"heading.default\">\n\t\t\t\t<div class=\"elementor-widget-container\">\n\t\t\t\t\t<h2 class=\"elementor-heading-title elementor-size-default\">MISI\u00d3N<\/h2>\t\t\t\t<\/div>\n\t\t\t\t<\/div>\n\t\t\t\t<div class=\"elementor-element elementor-element-3a50af2 elementor-widget elementor-widget-text-editor\" data-id=\"3a50af2\" data-element_type=\"widget\" data-e-type=\"widget\" data-widget_type=\"text-editor.default\">\n\t\t\t\t<div class=\"elementor-widget-container\">\n\t\t\t\t\t\t\t\t\t<p><span style=\"font-weight: 400;\">\u00a0Ofrecer a nin\u0303os y adolescentes una ensen\u0303anza de calidad, basada en valores morales y espirituales. Nuestro proyecto educativo-institucional esta\u0301 orientado al desarrollo de conocimientos, habilidades y destrezas necesarios para una formacio\u0301n integral, auto\u0301noma y cultural del ser. Para ello, promovemos el pensamiento cri\u0301tico, la responsabilidad social, la empati\u0301a y el espi\u0301ritu creativo.<\/span><\/p>\t\t\t\t\t\t\t\t<\/div>\n\t\t\t\t<\/div>\n\t\t\t\t<\/div>\n\t\t<div class=\"elementor-element elementor-element-b53ec5e e-con-full e-flex e-con e-child\" data-id=\"b53ec5e\" data-element_type=\"container\" data-e-type=\"container\" data-settings=\"{&quot;background_background&quot;:&quot;classic&quot;,&quot;jet_parallax_layout_list&quot;:[]}\">\n\t\t\t\t<div class=\"elementor-element elementor-element-891fe1c elementor-widget elementor-widget-heading\" data-id=\"891fe1c\" data-element_type=\"widget\" data-e-type=\"widget\" data-widget_type=\"heading.default\">\n\t\t\t\t<div class=\"elementor-widget-container\">\n\t\t\t\t\t<h2 class=\"elementor-heading-title elementor-size-default\">VISI\u00d3N<\/h2>\t\t\t\t<\/div>\n\t\t\t\t<\/div>\n\t\t\t\t<div class=\"elementor-element elementor-element-da8acdc elementor-widget elementor-widget-text-editor\" data-id=\"da8acdc\" data-element_type=\"widget\" data-e-type=\"widget\" data-widget_type=\"text-editor.default\">\n\t\t\t\t<div class=\"elementor-widget-container\">\n\t\t\t\t\t\t\t\t\t<p><span style=\"font-weight: 400;\">Somos un colegio que considera al estudiante el centro de toda su accio\u0301n educativa y protagonista de su progreso formativo. Aspiramos a la formacio\u0301n de un ciudadano global basada en el desarrollo de un pensamiento divergente para el abordaje de la realidad social, combinando las ciencias sociales y humanidades con las diversas disciplinas tecnolo\u0301gicas.<\/span><\/p>\t\t\t\t\t\t\t\t<\/div>\n\t\t\t\t<\/div>\n\t\t\t\t<\/div>\n\t\t<div class=\"elementor-element elementor-element-1cbdebe e-con-full e-flex e-con e-child\" data-id=\"1cbdebe\" data-element_type=\"container\" data-e-type=\"container\" data-settings=\"{&quot;background_background&quot;:&quot;classic&quot;,&quot;jet_parallax_layout_list&quot;:[]}\">\n\t\t\t\t<div class=\"elementor-element elementor-element-4f7398c elementor-widget elementor-widget-heading\" data-id=\"4f7398c\" data-element_type=\"widget\" data-e-type=\"widget\" data-widget_type=\"heading.default\">\n\t\t\t\t<div class=\"elementor-widget-container\">\n\t\t\t\t\t<h2 class=\"elementor-heading-title elementor-size-default\">VALORES<\/h2>\t\t\t\t<\/div>\n\t\t\t\t<\/div>\n\t\t\t\t<div class=\"elementor-element elementor-element-69915e7 elementor-widget elementor-widget-text-editor\" data-id=\"69915e7\" data-element_type=\"widget\" data-e-type=\"widget\" data-widget_type=\"text-editor.default\">\n\t\t\t\t<div class=\"elementor-widget-container\">\n\t\t\t\t\t\t\t\t\t<span style=\"font-weight: 400;\">Responsabilidad &#8211; Respeto &#8211;\u00a0<BR> Compromiso &#8211; Solidaridad &#8211; Empat\u00eda<\/span>\t\t\t\t\t\t\t\t<\/div>\n\t\t\t\t<\/div>\n\t\t\t\t<\/div>\n\t\t\t\t\t<\/div>\n\t\t\t\t<\/div>\n\t\t<div class=\"elementor-element elementor-element-d4deceb e-flex e-con-boxed e-con e-parent\" data-id=\"d4deceb\" data-element_type=\"container\" data-e-type=\"container\" data-settings=\"{&quot;jet_parallax_layout_list&quot;:[]}\">\n\t\t\t\t\t<div class=\"e-con-inner\">\n\t\t<div class=\"elementor-element elementor-element-5bf83fe e-con-full e-flex e-con e-child\" data-id=\"5bf83fe\" data-element_type=\"container\" data-e-type=\"container\" data-settings=\"{&quot;jet_parallax_layout_list&quot;:[]}\">\n\t\t\t\t<div class=\"elementor-element elementor-element-691e6f8 elementor-widget elementor-widget-heading\" data-id=\"691e6f8\" data-element_type=\"widget\" data-e-type=\"widget\" data-widget_type=\"heading.default\">\n\t\t\t\t<div class=\"elementor-widget-container\">\n\t\t\t\t\t<h2 class=\"elementor-heading-title elementor-size-default\">PERFIL DEL EGRESADO<\/h2>\t\t\t\t<\/div>\n\t\t\t\t<\/div>\n\t\t\t\t<div class=\"elementor-element elementor-element-68a4219 elementor-widget elementor-widget-text-editor\" data-id=\"68a4219\" data-element_type=\"widget\" data-e-type=\"widget\" data-widget_type=\"text-editor.default\">\n\t\t\t\t<div class=\"elementor-widget-container\">\n\t\t\t\t\t\t\t\t\t<p><span style=\"font-weight: 400;\">Nuestra propuesta educativa busca lograr en nuestros estudiantes el desarrollo de sus capacidades, virtudes y talentos, conociendo el mundo que los rodea, en compromiso con su entorno. Aspiramos a la afirmaci\u00f3n de su identidad, alcanzando un mayor conocimiento de s\u00ed mismos y del espacio socio-cultural para poder hacer frente a los desaf\u00edos que \u00e9ste les presenta y poder transformarlo.<\/span><\/p>\t\t\t\t\t\t\t\t<\/div>\n\t\t\t\t<\/div>\n\t\t\t\t<\/div>\n\t\t\t\t\t<\/div>\n\t\t\t\t<\/div>\n\t\t<div class=\"elementor-element elementor-element-964c1d0 e-flex e-con-boxed e-con e-parent\" data-id=\"964c1d0\" data-element_type=\"container\" data-e-type=\"container\" data-settings=\"{&quot;background_background&quot;:&quot;classic&quot;,&quot;jet_parallax_layout_list&quot;:[]}\">\n\t\t\t\t\t<div class=\"e-con-inner\">\n\t\t\t\t<div class=\"elementor-element elementor-element-07b3558 elementor-widget elementor-widget-spacer\" data-id=\"07b3558\" data-element_type=\"widget\" data-e-type=\"widget\" data-widget_type=\"spacer.default\">\n\t\t\t\t<div class=\"elementor-widget-container\">\n\t\t\t\t\t\t\t<div class=\"elementor-spacer\">\n\t\t\t<div class=\"elementor-spacer-inner\"><\/div>\n\t\t<\/div>\n\t\t\t\t\t\t<\/div>\n\t\t\t\t<\/div>\n\t\t\t\t\t<\/div>\n\t\t\t\t<\/div>\n\t\t\t\t<\/div>\n\t\t","protected":false},"excerpt":{"rendered":"<p>Desde 1960 aportando a la educaci\u00f3n del ma\u00f1ana MISI\u00d3N \u00a0Ofrecer a nin\u0303os y adolescentes una ensen\u0303anza de calidad, basada en valores morales y espirituales. Nuestro proyecto educativo-institucional esta\u0301 orientado al desarrollo de conocimientos, habilidades y destrezas necesarios para una formacio\u0301n integral, auto\u0301noma y cultural del ser. Para ello, promovemos el pensamiento cri\u0301tico, la responsabilidad social, [&hellip;]<\/p>\n","protected":false},"author":1,"featured_media":0,"parent":0,"menu_order":0,"comment_status":"closed","ping_status":"closed","template":"","meta":{"site-sidebar-layout":"no-sidebar","site-content-layout":"","ast-site-content-layout":"full-width-container","site-content-style":"default","site-sidebar-style":"default","ast-global-header-display":"","ast-banner-title-visibility":"","ast-main-header-display":"","ast-hfb-above-header-display":"","ast-hfb-below-header-display":"","ast-hfb-mobile-header-display":"","site-post-title":"disabled","ast-breadcrumbs-content":"","ast-featured-img":"disabled","footer-sml-layout":"","theme-transparent-header-meta":"default","adv-header-id-meta":"","stick-header-meta":"","header-above-stick-meta":"","header-main-stick-meta":"","header-below-stick-meta":"","astra-migrate-meta-layouts":"set","ast-page-background-enabled":"default","ast-page-background-meta":{"desktop":{"background-color":"var(--ast-global-color-4)","background-image":"","background-repeat":"repeat","background-position":"center center","background-size":"auto","background-attachment":"scroll","background-type":"","background-media":"","overlay-type":"","overlay-color":"","overlay-gradient":""},"tablet":{"background-color":"","background-image":"","background-repeat":"repeat","background-position":"center center","background-size":"auto","background-attachment":"scroll","background-type":"","background-media":"","overlay-type":"","overlay-color":"","overlay-gradient":""},"mobile":{"background-color":"","background-image":"","background-repeat":"repeat","background-position":"center center","background-size":"auto","background-attachment":"scroll","background-type":"","background-media":"","overlay-type":"","overlay-color":"","overlay-gradient":""}},"ast-content-background-meta":{"desktop":{"background-color":"var(--ast-global-color-5)","background-image":"","background-repeat":"repeat","background-position":"center center","background-size":"auto","background-attachment":"scroll","background-type":"","background-media":"","overlay-type":"","overlay-color":"","overlay-gradient":""},"tablet":{"background-color":"var(--ast-global-color-5)","background-image":"","background-repeat":"repeat","background-position":"center center","background-size":"auto","background-attachment":"scroll","background-type":"","background-media":"","overlay-type":"","overlay-color":"","overlay-gradient":""},"mobile":{"background-color":"var(--ast-global-color-5)","background-image":"","background-repeat":"repeat","background-position":"center center","background-size":"auto","background-attachment":"scroll","background-type":"","background-media":"","overlay-type":"","overlay-color":"","overlay-gradient":""}},"footnotes":""},"class_list":["post-9","page","type-page","status-publish","hentry"],"yoast_head":"<!-- This site is optimized with the Yoast SEO plugin v22.4 - https:\/\/yoast.com\/wordpress\/plugins\/seo\/ -->\n<title>Mision y vision - Colegio La merced<\/title>\n<meta name=\"robots\" content=\"index, follow, max-snippet:-1, max-image-preview:large, max-video-preview:-1\" \/>\n<link rel=\"canonical\" href=\"https:\/\/colegiolamerced.edu.ar\/web\/mision-y-vision\/\" \/>\n<meta property=\"og:locale\" content=\"es_ES\" \/>\n<meta property=\"og:type\" content=\"article\" \/>\n<meta property=\"og:title\" content=\"Mision y vision - Colegio La merced\" \/>\n<meta property=\"og:description\" content=\"Desde 1960 aportando a la educaci\u00f3n del ma\u00f1ana MISI\u00d3N \u00a0Ofrecer a nin\u0303os y adolescentes una ensen\u0303anza de calidad, basada en valores morales y espirituales. Nuestro proyecto educativo-institucional esta\u0301 orientado al desarrollo de conocimientos, habilidades y destrezas necesarios para una formacio\u0301n integral, auto\u0301noma y cultural del ser. Para ello, promovemos el pensamiento cri\u0301tico, la responsabilidad social, [&hellip;]\" \/>\n<meta property=\"og:url\" content=\"https:\/\/colegiolamerced.edu.ar\/web\/mision-y-vision\/\" \/>\n<meta property=\"og:site_name\" content=\"Colegio La merced\" \/>\n<meta property=\"article:modified_time\" content=\"2024-03-05T12:17:48+00:00\" \/>\n<meta name=\"twitter:card\" content=\"summary_large_image\" \/>\n<meta name=\"twitter:label1\" content=\"Tiempo de lectura\" \/>\n\t<meta name=\"twitter:data1\" content=\"1 minuto\" \/>\n<script type=\"application\/ld+json\" class=\"yoast-schema-graph\">{\"@context\":\"https:\/\/schema.org\",\"@graph\":[{\"@type\":\"WebPage\",\"@id\":\"https:\/\/colegiolamerced.edu.ar\/web\/mision-y-vision\/\",\"url\":\"https:\/\/colegiolamerced.edu.ar\/web\/mision-y-vision\/\",\"name\":\"Mision y vision - Colegio La merced\",\"isPartOf\":{\"@id\":\"https:\/\/wordpress-186467-4141383.cloudwaysapps.com\/#website\"},\"datePublished\":\"2023-12-26T00:32:12+00:00\",\"dateModified\":\"2024-03-05T12:17:48+00:00\",\"breadcrumb\":{\"@id\":\"https:\/\/colegiolamerced.edu.ar\/web\/mision-y-vision\/#breadcrumb\"},\"inLanguage\":\"es-AR\",\"potentialAction\":[{\"@type\":\"ReadAction\",\"target\":[\"https:\/\/colegiolamerced.edu.ar\/web\/mision-y-vision\/\"]}]},{\"@type\":\"BreadcrumbList\",\"@id\":\"https:\/\/colegiolamerced.edu.ar\/web\/mision-y-vision\/#breadcrumb\",\"itemListElement\":[{\"@type\":\"ListItem\",\"position\":1,\"name\":\"Inicio\",\"item\":\"https:\/\/colegiolamerced.edu.ar\/web\/\"},{\"@type\":\"ListItem\",\"position\":2,\"name\":\"Mision y vision\"}]},{\"@type\":\"WebSite\",\"@id\":\"https:\/\/wordpress-186467-4141383.cloudwaysapps.com\/#website\",\"url\":\"https:\/\/wordpress-186467-4141383.cloudwaysapps.com\/\",\"name\":\"Colegio La merced\",\"description\":\"\",\"potentialAction\":[{\"@type\":\"SearchAction\",\"target\":{\"@type\":\"EntryPoint\",\"urlTemplate\":\"https:\/\/wordpress-186467-4141383.cloudwaysapps.com\/?s={search_term_string}\"},\"query-input\":\"required name=search_term_string\"}],\"inLanguage\":\"es-AR\"}]}<\/script>\n<!-- \/ Yoast SEO plugin. -->","yoast_head_json":{"title":"Mision y vision - Colegio La merced","robots":{"index":"index","follow":"follow","max-snippet":"max-snippet:-1","max-image-preview":"max-image-preview:large","max-video-preview":"max-video-preview:-1"},"canonical":"https:\/\/colegiolamerced.edu.ar\/web\/mision-y-vision\/","og_locale":"es_ES","og_type":"article","og_title":"Mision y vision - Colegio La merced","og_description":"Desde 1960 aportando a la educaci\u00f3n del ma\u00f1ana MISI\u00d3N \u00a0Ofrecer a nin\u0303os y adolescentes una ensen\u0303anza de calidad, basada en valores morales y espirituales. Nuestro proyecto educativo-institucional esta\u0301 orientado al desarrollo de conocimientos, habilidades y destrezas necesarios para una formacio\u0301n integral, auto\u0301noma y cultural del ser. Para ello, promovemos el pensamiento cri\u0301tico, la responsabilidad social, [&hellip;]","og_url":"https:\/\/colegiolamerced.edu.ar\/web\/mision-y-vision\/","og_site_name":"Colegio La merced","article_modified_time":"2024-03-05T12:17:48+00:00","twitter_card":"summary_large_image","twitter_misc":{"Tiempo de lectura":"1 minuto"},"schema":{"@context":"https:\/\/schema.org","@graph":[{"@type":"WebPage","@id":"https:\/\/colegiolamerced.edu.ar\/web\/mision-y-vision\/","url":"https:\/\/colegiolamerced.edu.ar\/web\/mision-y-vision\/","name":"Mision y vision - Colegio La merced","isPartOf":{"@id":"https:\/\/wordpress-186467-4141383.cloudwaysapps.com\/#website"},"datePublished":"2023-12-26T00:32:12+00:00","dateModified":"2024-03-05T12:17:48+00:00","breadcrumb":{"@id":"https:\/\/colegiolamerced.edu.ar\/web\/mision-y-vision\/#breadcrumb"},"inLanguage":"es-AR","potentialAction":[{"@type":"ReadAction","target":["https:\/\/colegiolamerced.edu.ar\/web\/mision-y-vision\/"]}]},{"@type":"BreadcrumbList","@id":"https:\/\/colegiolamerced.edu.ar\/web\/mision-y-vision\/#breadcrumb","itemListElement":[{"@type":"ListItem","position":1,"name":"Inicio","item":"https:\/\/colegiolamerced.edu.ar\/web\/"},{"@type":"ListItem","position":2,"name":"Mision y vision"}]},{"@type":"WebSite","@id":"https:\/\/wordpress-186467-4141383.cloudwaysapps.com\/#website","url":"https:\/\/wordpress-186467-4141383.cloudwaysapps.com\/","name":"Colegio La merced","description":"","potentialAction":[{"@type":"SearchAction","target":{"@type":"EntryPoint","urlTemplate":"https:\/\/wordpress-186467-4141383.cloudwaysapps.com\/?s={search_term_string}"},"query-input":"required name=search_term_string"}],"inLanguage":"es-AR"}]}},"_links":{"self":[{"href":"https:\/\/colegiolamerced.edu.ar\/web\/wp-json\/wp\/v2\/pages\/9","targetHints":{"allow":["GET"]}}],"collection":[{"href":"https:\/\/colegiolamerced.edu.ar\/web\/wp-json\/wp\/v2\/pages"}],"about":[{"href":"https:\/\/colegiolamerced.edu.ar\/web\/wp-json\/wp\/v2\/types\/page"}],"author":[{"embeddable":true,"href":"https:\/\/colegiolamerced.edu.ar\/web\/wp-json\/wp\/v2\/users\/1"}],"replies":[{"embeddable":true,"href":"https:\/\/colegiolamerced.edu.ar\/web\/wp-json\/wp\/v2\/comments?post=9"}],"version-history":[{"count":21,"href":"https:\/\/colegiolamerced.edu.ar\/web\/wp-json\/wp\/v2\/pages\/9\/revisions"}],"predecessor-version":[{"id":1544,"href":"https:\/\/colegiolamerced.edu.ar\/web\/wp-json\/wp\/v2\/pages\/9\/revisions\/1544"}],"wp:attachment":[{"href":"https:\/\/colegiolamerced.edu.ar\/web\/wp-json\/wp\/v2\/media?parent=9"}],"curies":[{"name":"wp","href":"https:\/\/api.w.org\/{rel}","templated":true}]}}